{"id":6844,"date":"2022-10-26T13:29:51","date_gmt":"2022-10-26T11:29:51","guid":{"rendered":"http:\/\/sabine-cuny-psychologue.fr\/?page_id=6844"},"modified":"2024-01-30T09:32:31","modified_gmt":"2024-01-30T08:32:31","slug":"psychologue-partenaire-conventionne","status":"publish","type":"page","link":"https:\/\/sabine-cuny-psychologue.fr\/index.php\/psychologue-partenaire-conventionne\/","title":{"rendered":"Psychologue partenaire conventionn\u00e9"},"content":{"rendered":"\t\t<div data-elementor-type=\"wp-page\" data-elementor-id=\"6844\" class=\"elementor elementor-6844\">\n\t\t\t\t\t\t\t\t\t<section class=\"elementor-section elementor-top-section elementor-element elementor-element-30a6b18 elementor-section-stretched elementor-section-boxed elementor-section-height-default elementor-section-height-default\" data-id=\"30a6b18\" data-element_type=\"section\" data-settings=\"{&quot;stretch_section&quot;:&quot;section-stretched&quot;}\">\n\t\t\t\t\t\t<div class=\"elementor-container elementor-column-gap-default\">\n\t\t\t\t\t<div class=\"elementor-column elementor-col-100 elementor-top-column elementor-element elementor-element-f47bebd\" data-id=\"f47bebd\" data-element_type=\"column\">\n\t\t\t<div class=\"elementor-widget-wrap elementor-element-populated\">\n\t\t\t\t\t\t\t\t<div class=\"elementor-element elementor-element-1fe2a05 elementor-widget elementor-widget-text-editor\" data-id=\"1fe2a05\" data-element_type=\"widget\" data-widget_type=\"text-editor.default\">\n\t\t\t\t<div class=\"elementor-widget-container\">\n\t\t\t<style>\/*! elementor - v3.7.8 - 02-10-2022 *\/\n.elementor-widget-text-editor.elementor-drop-cap-view-stacked .elementor-drop-cap{background-color:#818a91;color:#fff}.elementor-widget-text-editor.elementor-drop-cap-view-framed .elementor-drop-cap{color:#818a91;border:3px solid;background-color:transparent}.elementor-widget-text-editor:not(.elementor-drop-cap-view-default) .elementor-drop-cap{margin-top:8px}.elementor-widget-text-editor:not(.elementor-drop-cap-view-default) .elementor-drop-cap-letter{width:1em;height:1em}.elementor-widget-text-editor .elementor-drop-cap{float:left;text-align:center;line-height:1;font-size:50px}.elementor-widget-text-editor .elementor-drop-cap-letter{display:inline-block}<\/style>\t\t\t\t<p><strong>Sabine Cuny est aujourd\u2019hui l&#8217;une des rares psychologues conventionn\u00e9es en activit\u00e9 \u00e0 Toul. Ce qui lui permet de\u00a0 proposer des accompagnements psychologiques <a href=\"https:\/\/sante.gouv.fr\/prevention-en-sante\/sante-mentale\/accompagnement-psychologique\/article\/le-remboursement-des-seances-de-psychologues-mon-soutien-psy\" target=\"_blank\" rel=\"noopener\">rembours\u00e9s par la s\u00e9curit\u00e9 sociale<\/a> et ainsi de rendre le bien-\u00eatre accessible \u00e0 tous.<\/strong><\/p>\t\t\t\t\t\t<\/div>\n\t\t\t\t<\/div>\n\t\t\t\t\t<\/div>\n\t\t<\/div>\n\t\t\t\t\t\t\t<\/div>\n\t\t<\/section>\n\t\t\t\t<section class=\"elementor-section elementor-top-section elementor-element elementor-element-d961e40 elementor-section-stretched elementor-section-boxed elementor-section-height-default elementor-section-height-default\" data-id=\"d961e40\" data-element_type=\"section\" data-settings=\"{&quot;stretch_section&quot;:&quot;section-stretched&quot;}\">\n\t\t\t\t\t\t<div class=\"elementor-container elementor-column-gap-default\">\n\t\t\t\t\t<div class=\"elementor-column elementor-col-100 elementor-top-column elementor-element elementor-element-b9b46af\" data-id=\"b9b46af\" data-element_type=\"column\">\n\t\t\t<div class=\"elementor-widget-wrap elementor-element-populated\">\n\t\t\t\t\t\t\t\t<div class=\"elementor-element elementor-element-364bcf0 elementor-widget elementor-widget-heading\" data-id=\"364bcf0\" data-element_type=\"widget\" data-widget_type=\"heading.default\">\n\t\t\t\t<div class=\"elementor-widget-container\">\n\t\t\t<style>\/*! elementor - v3.7.8 - 02-10-2022 *\/\n.elementor-heading-title{padding:0;margin:0;line-height:1}.elementor-widget-heading .elementor-heading-title[class*=elementor-size-]>a{color:inherit;font-size:inherit;line-height:inherit}.elementor-widget-heading .elementor-heading-title.elementor-size-small{font-size:15px}.elementor-widget-heading .elementor-heading-title.elementor-size-medium{font-size:19px}.elementor-widget-heading .elementor-heading-title.elementor-size-large{font-size:29px}.elementor-widget-heading .elementor-heading-title.elementor-size-xl{font-size:39px}.elementor-widget-heading .elementor-heading-title.elementor-size-xxl{font-size:59px}<\/style><h2 class=\"elementor-heading-title elementor-size-default\">Pourquoi choisir une Psychologue Conventionn\u00e9e ?<\/h2>\t\t<\/div>\n\t\t\t\t<\/div>\n\t\t\t\t<div class=\"elementor-element elementor-element-781371b elementor-widget elementor-widget-text-editor\" data-id=\"781371b\" data-element_type=\"widget\" data-widget_type=\"text-editor.default\">\n\t\t\t\t<div class=\"elementor-widget-container\">\n\t\t\t\t\t\t\t<p>Les accompagnements propos\u00e9s par Sabine Cuny sont reconnus et agr\u00e9\u00e9s par la S\u00e9curit\u00e9 Sociale, ce qui permet \u00e0 ses patients d\u2019\u00eatre rembours\u00e9s au m\u00eame titre que pour tout autre acte de soin pratiqu\u00e9 par un professionnel de sant\u00e9 agr\u00e9\u00e9.<\/p>\t\t\t\t\t\t<\/div>\n\t\t\t\t<\/div>\n\t\t\t\t<div class=\"elementor-element elementor-element-a11c0fb elementor-widget elementor-widget-image\" data-id=\"a11c0fb\" data-element_type=\"widget\" data-widget_type=\"image.default\">\n\t\t\t\t<div class=\"elementor-widget-container\">\n\t\t\t<style>\/*! elementor - v3.7.8 - 02-10-2022 *\/\n.elementor-widget-image{text-align:center}.elementor-widget-image a{display:inline-block}.elementor-widget-image a img[src$=\".svg\"]{width:48px}.elementor-widget-image img{vertical-align:middle;display:inline-block}<\/style>\t\t\t\t\t\t\t\t\t\t\t\t<img loading=\"lazy\" decoding=\"async\" width=\"640\" height=\"470\" src=\"https:\/\/sabine-cuny-psychologue.fr\/wp-content\/uploads\/2023\/12\/Psychologue-conventionne-securite-sociale.jpg\" class=\"attachment-large size-large\" alt=\"Psychologue conventionn\u00e9e par la s\u00e9curit\u00e9 sociale sur le secteur de Toul et Meurthe et Moselle\" srcset=\"https:\/\/sabine-cuny-psychologue.fr\/wp-content\/uploads\/2023\/12\/Psychologue-conventionne-securite-sociale.jpg 702w, https:\/\/sabine-cuny-psychologue.fr\/wp-content\/uploads\/2023\/12\/Psychologue-conventionne-securite-sociale-300x221.jpg 300w, https:\/\/sabine-cuny-psychologue.fr\/wp-content\/uploads\/2023\/12\/Psychologue-conventionne-securite-sociale-600x441.jpg 600w\" sizes=\"auto, (max-width: 640px) 100vw, 640px\" \/>\t\t\t\t\t\t\t\t\t\t\t\t\t\t\t<\/div>\n\t\t\t\t<\/div>\n\t\t\t\t<div class=\"elementor-element elementor-element-7f74353 elementor-widget elementor-widget-spacer\" data-id=\"7f74353\" data-element_type=\"widget\" data-widget_type=\"spacer.default\">\n\t\t\t\t<div class=\"elementor-widget-container\">\n\t\t\t<style>\/*! elementor - v3.7.8 - 02-10-2022 *\/\n.elementor-column .elementor-spacer-inner{height:var(--spacer-size)}.e-container{--container-widget-width:100%}.e-container>.elementor-widget-spacer{width:var(--container-widget-width,var(--spacer-size));-ms-flex-item-align:stretch;align-self:stretch;-ms-flex-negative:0;flex-shrink:0}.e-container>.elementor-widget-spacer>.elementor-widget-container,.e-container>.elementor-widget-spacer>.elementor-widget-container>.elementor-spacer{height:100%}.e-container>.elementor-widget-spacer>.elementor-widget-container>.elementor-spacer>.elementor-spacer-inner{height:var(--container-widget-height,var(--spacer-size))}<\/style>\t\t<div class=\"elementor-spacer\">\n\t\t\t<div class=\"elementor-spacer-inner\"><\/div>\n\t\t<\/div>\n\t\t\t\t<\/div>\n\t\t\t\t<\/div>\n\t\t\t\t<section class=\"elementor-section elementor-inner-section elementor-element elementor-element-8a89942 elementor-section-boxed elementor-section-height-default elementor-section-height-default\" data-id=\"8a89942\" data-element_type=\"section\">\n\t\t\t\t\t\t<div class=\"elementor-container elementor-column-gap-default\">\n\t\t\t\t\t<div class=\"elementor-column elementor-col-50 elementor-inner-column elementor-element elementor-element-d348ce6\" data-id=\"d348ce6\" data-element_type=\"column\">\n\t\t\t<div class=\"elementor-widget-wrap elementor-element-populated\">\n\t\t\t\t\t\t\t\t<div class=\"elementor-element elementor-element-70ff3f6 elementor-widget elementor-widget-heading\" data-id=\"70ff3f6\" data-element_type=\"widget\" data-widget_type=\"heading.default\">\n\t\t\t\t<div class=\"elementor-widget-container\">\n\t\t\t<h2 class=\"elementor-heading-title elementor-size-default\">L'acc\u00e8s \u00e0 des soins de qualit\u00e9 pour tous<\/h2>\t\t<\/div>\n\t\t\t\t<\/div>\n\t\t\t\t<div class=\"elementor-element elementor-element-ab4b5c9 elementor-widget elementor-widget-text-editor\" data-id=\"ab4b5c9\" data-element_type=\"widget\" data-widget_type=\"text-editor.default\">\n\t\t\t\t<div class=\"elementor-widget-container\">\n\t\t\t\t\t\t\t<p>En faisant appel \u00e0 une psychologue conventionn\u00e9e, vous avez la garantie de b\u00e9n\u00e9ficier de soins de qualit\u00e9, bas\u00e9s sur des pratiques reconnues et approuv\u00e9es. Sabine Cuny s&#8217;engage \u00e0 fournir des services psychologiques conformes aux exigences de la s\u00e9curit\u00e9 sociale, afin de faire le maximum pour travailler \u00e0 votre bien-\u00eatre mental.<\/p>\t\t\t\t\t\t<\/div>\n\t\t\t\t<\/div>\n\t\t\t\t\t<\/div>\n\t\t<\/div>\n\t\t\t\t<div class=\"elementor-column elementor-col-50 elementor-inner-column elementor-element elementor-element-4978ff7\" data-id=\"4978ff7\" data-element_type=\"column\">\n\t\t\t<div class=\"elementor-widget-wrap elementor-element-populated\">\n\t\t\t\t\t\t\t\t<div class=\"elementor-element elementor-element-1f28674 elementor-widget elementor-widget-image\" data-id=\"1f28674\" data-element_type=\"widget\" data-widget_type=\"image.default\">\n\t\t\t\t<div class=\"elementor-widget-container\">\n\t\t\t\t\t\t\t\t\t\t\t\t\t\t\t<img loading=\"lazy\" decoding=\"async\" width=\"640\" height=\"428\" src=\"https:\/\/sabine-cuny-psychologue.fr\/wp-content\/uploads\/2023\/12\/Psychologue-subventionne-toul.jpg\" class=\"attachment-large size-large\" alt=\"Th\u00e9rapie cognitive et comportementale secteur Toul et Meurthe et Moselle\" srcset=\"https:\/\/sabine-cuny-psychologue.fr\/wp-content\/uploads\/2023\/12\/Psychologue-subventionne-toul.jpg 702w, https:\/\/sabine-cuny-psychologue.fr\/wp-content\/uploads\/2023\/12\/Psychologue-subventionne-toul-300x200.jpg 300w, https:\/\/sabine-cuny-psychologue.fr\/wp-content\/uploads\/2023\/12\/Psychologue-subventionne-toul-600x401.jpg 600w\" sizes=\"auto, (max-width: 640px) 100vw, 640px\" \/>\t\t\t\t\t\t\t\t\t\t\t\t\t\t\t<\/div>\n\t\t\t\t<\/div>\n\t\t\t\t\t<\/div>\n\t\t<\/div>\n\t\t\t\t\t\t\t<\/div>\n\t\t<\/section>\n\t\t\t\t\t<\/div>\n\t\t<\/div>\n\t\t\t\t\t\t\t<\/div>\n\t\t<\/section>\n\t\t\t\t<section class=\"elementor-section elementor-top-section elementor-element elementor-element-5237a24 elementor-section-stretched elementor-section-boxed elementor-section-height-default elementor-section-height-default\" data-id=\"5237a24\" data-element_type=\"section\" data-settings=\"{&quot;stretch_section&quot;:&quot;section-stretched&quot;}\">\n\t\t\t\t\t\t<div class=\"elementor-container elementor-column-gap-default\">\n\t\t\t\t\t<div class=\"elementor-column elementor-col-100 elementor-top-column elementor-element elementor-element-a169327\" data-id=\"a169327\" data-element_type=\"column\">\n\t\t\t<div class=\"elementor-widget-wrap elementor-element-populated\">\n\t\t\t\t\t\t\t\t<div class=\"elementor-element elementor-element-fc4681c elementor-widget elementor-widget-spacer\" data-id=\"fc4681c\" data-element_type=\"widget\" data-widget_type=\"spacer.default\">\n\t\t\t\t<div class=\"elementor-widget-container\">\n\t\t\t\t\t<div class=\"elementor-spacer\">\n\t\t\t<div class=\"elementor-spacer-inner\"><\/div>\n\t\t<\/div>\n\t\t\t\t<\/div>\n\t\t\t\t<\/div>\n\t\t\t\t<div class=\"elementor-element elementor-element-bd03bef elementor-widget elementor-widget-heading\" data-id=\"bd03bef\" data-element_type=\"widget\" data-widget_type=\"heading.default\">\n\t\t\t\t<div class=\"elementor-widget-container\">\n\t\t\t<h2 class=\"elementor-heading-title elementor-size-default\">Remboursement par la S\u00e9curit\u00e9 Sociale<\/h2>\t\t<\/div>\n\t\t\t\t<\/div>\n\t\t\t\t<div class=\"elementor-element elementor-element-2430c8b elementor-widget elementor-widget-text-editor\" data-id=\"2430c8b\" data-element_type=\"widget\" data-widget_type=\"text-editor.default\">\n\t\t\t\t<div class=\"elementor-widget-container\">\n\t\t\t\t\t\t\t<p>L&#8217;avantage le plus \u00e9vident de choisir une psychologue conventionn\u00e9e est la possibilit\u00e9 de b\u00e9n\u00e9ficier du remboursement par la S\u00e9curit\u00e9 Sociale. Cela rend les <a href=\"https:\/\/monsoutienpsy.sante.gouv.fr\" target=\"_blank\" rel=\"noopener\">s\u00e9ances de th\u00e9rapie plus accessibles financi\u00e8rement<\/a>, favorisant ainsi un acc\u00e8s \u00e9quitable \u00e0 des soins psychologiques de qualit\u00e9.<\/p>\t\t\t\t\t\t<\/div>\n\t\t\t\t<\/div>\n\t\t\t\t<div class=\"elementor-element elementor-element-f8ecd6b elementor-widget elementor-widget-spacer\" data-id=\"f8ecd6b\" data-element_type=\"widget\" data-widget_type=\"spacer.default\">\n\t\t\t\t<div class=\"elementor-widget-container\">\n\t\t\t\t\t<div class=\"elementor-spacer\">\n\t\t\t<div class=\"elementor-spacer-inner\"><\/div>\n\t\t<\/div>\n\t\t\t\t<\/div>\n\t\t\t\t<\/div>\n\t\t\t\t<section class=\"elementor-section elementor-inner-section elementor-element elementor-element-1d17021 elementor-section-boxed elementor-section-height-default elementor-section-height-default\" data-id=\"1d17021\" data-element_type=\"section\">\n\t\t\t\t\t\t<div class=\"elementor-container elementor-column-gap-default\">\n\t\t\t\t\t<div class=\"elementor-column elementor-col-50 elementor-inner-column elementor-element elementor-element-187c0c6\" data-id=\"187c0c6\" data-element_type=\"column\">\n\t\t\t<div class=\"elementor-widget-wrap elementor-element-populated\">\n\t\t\t\t\t\t\t\t<div class=\"elementor-element elementor-element-e06cde2 elementor-widget elementor-widget-image\" data-id=\"e06cde2\" data-element_type=\"widget\" data-widget_type=\"image.default\">\n\t\t\t\t<div class=\"elementor-widget-container\">\n\t\t\t\t\t\t\t\t\t\t\t\t\t\t\t<img loading=\"lazy\" decoding=\"async\" width=\"640\" height=\"427\" src=\"https:\/\/sabine-cuny-psychologue.fr\/wp-content\/uploads\/2023\/12\/Psychologue-Ado-meurthe-et-moselle.jpg\" class=\"attachment-large size-large\" alt=\"Psychologue adolescents subventionn\u00e9 Toul et Meurthe et Moselle\" srcset=\"https:\/\/sabine-cuny-psychologue.fr\/wp-content\/uploads\/2023\/12\/Psychologue-Ado-meurthe-et-moselle.jpg 702w, https:\/\/sabine-cuny-psychologue.fr\/wp-content\/uploads\/2023\/12\/Psychologue-Ado-meurthe-et-moselle-300x200.jpg 300w, https:\/\/sabine-cuny-psychologue.fr\/wp-content\/uploads\/2023\/12\/Psychologue-Ado-meurthe-et-moselle-600x400.jpg 600w\" sizes=\"auto, (max-width: 640px) 100vw, 640px\" \/>\t\t\t\t\t\t\t\t\t\t\t\t\t\t\t<\/div>\n\t\t\t\t<\/div>\n\t\t\t\t\t<\/div>\n\t\t<\/div>\n\t\t\t\t<div class=\"elementor-column elementor-col-50 elementor-inner-column elementor-element elementor-element-6ac7022\" data-id=\"6ac7022\" data-element_type=\"column\">\n\t\t\t<div class=\"elementor-widget-wrap elementor-element-populated\">\n\t\t\t\t\t\t\t\t<div class=\"elementor-element elementor-element-e07067c elementor-widget elementor-widget-heading\" data-id=\"e07067c\" data-element_type=\"widget\" data-widget_type=\"heading.default\">\n\t\t\t\t<div class=\"elementor-widget-container\">\n\t\t\t<h2 class=\"elementor-heading-title elementor-size-default\">Contribuer au bien-\u00eatre de tous<\/h2>\t\t<\/div>\n\t\t\t\t<\/div>\n\t\t\t\t<div class=\"elementor-element elementor-element-9f4444c elementor-widget elementor-widget-text-editor\" data-id=\"9f4444c\" data-element_type=\"widget\" data-widget_type=\"text-editor.default\">\n\t\t\t\t<div class=\"elementor-widget-container\">\n\t\t\t\t\t\t\t<p>Sabine Cuny a fait le choix de proposer ses services de psychologue conventionn\u00e9e \u00e0 Toul pour r\u00e9pondre \u00e0 un besoin de soutien psychologique dans la r\u00e9gion.<\/p><p>Avec l&#8217;ambition de rendre les soins psychologiques accessibles au plus grand nombre.<\/p>\t\t\t\t\t\t<\/div>\n\t\t\t\t<\/div>\n\t\t\t\t\t<\/div>\n\t\t<\/div>\n\t\t\t\t\t\t\t<\/div>\n\t\t<\/section>\n\t\t\t\t<div class=\"elementor-element elementor-element-8cc4cb9 elementor-widget elementor-widget-spacer\" data-id=\"8cc4cb9\" data-element_type=\"widget\" data-widget_type=\"spacer.default\">\n\t\t\t\t<div class=\"elementor-widget-container\">\n\t\t\t\t\t<div class=\"elementor-spacer\">\n\t\t\t<div class=\"elementor-spacer-inner\"><\/div>\n\t\t<\/div>\n\t\t\t\t<\/div>\n\t\t\t\t<\/div>\n\t\t\t\t<section class=\"elementor-section elementor-inner-section elementor-element elementor-element-d819c48 elementor-section-boxed elementor-section-height-default elementor-section-height-default\" data-id=\"d819c48\" data-element_type=\"section\">\n\t\t\t\t\t\t<div class=\"elementor-container elementor-column-gap-default\">\n\t\t\t\t\t<div class=\"elementor-column elementor-col-50 elementor-inner-column elementor-element elementor-element-7d31f5e\" data-id=\"7d31f5e\" data-element_type=\"column\">\n\t\t\t<div class=\"elementor-widget-wrap elementor-element-populated\">\n\t\t\t\t\t\t\t\t<div class=\"elementor-element elementor-element-97031f6 elementor-widget elementor-widget-heading\" data-id=\"97031f6\" data-element_type=\"widget\" data-widget_type=\"heading.default\">\n\t\t\t\t<div class=\"elementor-widget-container\">\n\t\t\t<h2 class=\"elementor-heading-title elementor-size-default\">Prenez le chemin du bien-\u00eatre mental avec Sabine Cuny<\/h2>\t\t<\/div>\n\t\t\t\t<\/div>\n\t\t\t\t<div class=\"elementor-element elementor-element-23cb055 elementor-widget elementor-widget-text-editor\" data-id=\"23cb055\" data-element_type=\"widget\" data-widget_type=\"text-editor.default\">\n\t\t\t\t<div class=\"elementor-widget-container\">\n\t\t\t\t\t\t\t<p>Choisir une psychologue conventionn\u00e9e comme Sabine Cuny, c&#8217;est investir dans votre sant\u00e9 mentale tout en b\u00e9n\u00e9ficiant d&#8217;un remboursement par la S\u00e9curit\u00e9 Sociale. Ne laissez pas les obstacles financiers vous priver des soins dont vous avez besoin.<\/p><p>Contactez Sabine Cuny d\u00e8s aujourd&#8217;hui pour planifier votre premi\u00e8re s\u00e9ance. Votre bien-\u00eatre mental m\u00e9rite une attention professionnelle, accessible et reconnue. Cette professionnelle se fera une joie de vous accompagner sur le chemin de la gu\u00e9rison et de l&#8217;\u00e9panouissement mental.<\/p>\t\t\t\t\t\t<\/div>\n\t\t\t\t<\/div>\n\t\t\t\t\t<\/div>\n\t\t<\/div>\n\t\t\t\t<div class=\"elementor-column elementor-col-50 elementor-inner-column elementor-element elementor-element-db348ed\" data-id=\"db348ed\" data-element_type=\"column\">\n\t\t\t<div class=\"elementor-widget-wrap elementor-element-populated\">\n\t\t\t\t\t\t\t\t<div class=\"elementor-element elementor-element-68fe4d2 elementor-widget elementor-widget-image\" data-id=\"68fe4d2\" data-element_type=\"widget\" data-widget_type=\"image.default\">\n\t\t\t\t<div class=\"elementor-widget-container\">\n\t\t\t\t\t\t\t\t\t\t\t\t\t\t\t<img loading=\"lazy\" decoding=\"async\" width=\"640\" height=\"427\" src=\"https:\/\/sabine-cuny-psychologue.fr\/wp-content\/uploads\/2023\/12\/Chemin-vers-bien-etre.jpg\" class=\"attachment-large size-large\" alt=\"Chemin vers le bien-\u00eatre avec psychologue conventionn\u00e9\" srcset=\"https:\/\/sabine-cuny-psychologue.fr\/wp-content\/uploads\/2023\/12\/Chemin-vers-bien-etre.jpg 702w, https:\/\/sabine-cuny-psychologue.fr\/wp-content\/uploads\/2023\/12\/Chemin-vers-bien-etre-300x200.jpg 300w, https:\/\/sabine-cuny-psychologue.fr\/wp-content\/uploads\/2023\/12\/Chemin-vers-bien-etre-600x400.jpg 600w\" sizes=\"auto, (max-width: 640px) 100vw, 640px\" \/>\t\t\t\t\t\t\t\t\t\t\t\t\t\t\t<\/div>\n\t\t\t\t<\/div>\n\t\t\t\t\t<\/div>\n\t\t<\/div>\n\t\t\t\t\t\t\t<\/div>\n\t\t<\/section>\n\t\t\t\t\t<\/div>\n\t\t<\/div>\n\t\t\t\t\t\t\t<\/div>\n\t\t<\/section>\n\t\t\t\t\t\t\t<\/div>\n\t\t","protected":false},"excerpt":{"rendered":"<p>Sabine Cuny est aujourd\u2019hui l&#8217;une des rares psychologues conventionn\u00e9es en activit\u00e9 \u00e0 Toul. Ce qui lui permet de\u00a0 proposer des accompagnements psychologiques rembours\u00e9s par la s\u00e9curit\u00e9 sociale et ainsi de rendre le bien-\u00eatre accessible \u00e0 tous.<br \/>\n\/*! elementor &#8211; v3.7.8 <\/p>\n","protected":false},"author":2,"featured_media":0,"parent":0,"menu_order":0,"comment_status":"closed","ping_status":"closed","template":"","meta":{"om_disable_all_campaigns":false,"pmpro_default_level":0,"_monsterinsights_skip_tracking":false,"_monsterinsights_sitenote_active":false,"_monsterinsights_sitenote_note":"","_monsterinsights_sitenote_category":0,"_uf_show_specific_survey":0,"_uf_disable_surveys":false,"footnotes":""},"class_list":["post-6844","page","type-page","status-publish","hentry","pmpro-has-access"],"aioseo_notices":[],"_links":{"self":[{"href":"https:\/\/sabine-cuny-psychologue.fr\/index.php\/wp-json\/wp\/v2\/pages\/6844","targetHints":{"allow":["GET"]}}],"collection":[{"href":"https:\/\/sabine-cuny-psychologue.fr\/index.php\/wp-json\/wp\/v2\/pages"}],"about":[{"href":"https:\/\/sabine-cuny-psychologue.fr\/index.php\/wp-json\/wp\/v2\/types\/page"}],"author":[{"embeddable":true,"href":"https:\/\/sabine-cuny-psychologue.fr\/index.php\/wp-json\/wp\/v2\/users\/2"}],"replies":[{"embeddable":true,"href":"https:\/\/sabine-cuny-psychologue.fr\/index.php\/wp-json\/wp\/v2\/comments?post=6844"}],"version-history":[{"count":49,"href":"https:\/\/sabine-cuny-psychologue.fr\/index.php\/wp-json\/wp\/v2\/pages\/6844\/revisions"}],"predecessor-version":[{"id":7683,"href":"https:\/\/sabine-cuny-psychologue.fr\/index.php\/wp-json\/wp\/v2\/pages\/6844\/revisions\/7683"}],"wp:attachment":[{"href":"https:\/\/sabine-cuny-psychologue.fr\/index.php\/wp-json\/wp\/v2\/media?parent=6844"}],"curies":[{"name":"wp","href":"https:\/\/api.w.org\/{rel}","templated":true}]}}