{"id":6849,"date":"2022-10-26T13:32:17","date_gmt":"2022-10-26T11:32:17","guid":{"rendered":"http:\/\/sabine-cuny-psychologue.fr\/?page_id=6849"},"modified":"2024-01-30T09:35:03","modified_gmt":"2024-01-30T08:35:03","slug":"quels-publics","status":"publish","type":"page","link":"https:\/\/sabine-cuny-psychologue.fr\/index.php\/quels-publics\/","title":{"rendered":"Quels publics ?"},"content":{"rendered":"\t\t<div data-elementor-type=\"wp-page\" data-elementor-id=\"6849\" class=\"elementor elementor-6849\">\n\t\t\t\t\t\t\t\t\t<section class=\"elementor-section elementor-top-section elementor-element elementor-element-76ea4e3 elementor-section-stretched elementor-section-boxed elementor-section-height-default elementor-section-height-default\" data-id=\"76ea4e3\" data-element_type=\"section\" data-settings=\"{&quot;stretch_section&quot;:&quot;section-stretched&quot;}\">\n\t\t\t\t\t\t<div class=\"elementor-container elementor-column-gap-default\">\n\t\t\t\t\t<div class=\"elementor-column elementor-col-100 elementor-top-column elementor-element elementor-element-93ce12d\" data-id=\"93ce12d\" data-element_type=\"column\">\n\t\t\t<div class=\"elementor-widget-wrap elementor-element-populated\">\n\t\t\t\t\t\t\t\t<div class=\"elementor-element elementor-element-0edf514 elementor-widget elementor-widget-heading\" data-id=\"0edf514\" data-element_type=\"widget\" data-widget_type=\"heading.default\">\n\t\t\t\t<div class=\"elementor-widget-container\">\n\t\t\t<style>\/*! elementor - v3.7.8 - 02-10-2022 *\/\n.elementor-heading-title{padding:0;margin:0;line-height:1}.elementor-widget-heading .elementor-heading-title[class*=elementor-size-]>a{color:inherit;font-size:inherit;line-height:inherit}.elementor-widget-heading .elementor-heading-title.elementor-size-small{font-size:15px}.elementor-widget-heading .elementor-heading-title.elementor-size-medium{font-size:19px}.elementor-widget-heading .elementor-heading-title.elementor-size-large{font-size:29px}.elementor-widget-heading .elementor-heading-title.elementor-size-xl{font-size:39px}.elementor-widget-heading .elementor-heading-title.elementor-size-xxl{font-size:59px}<\/style><h1 class=\"elementor-heading-title elementor-size-default\">A quels publics s'adressent les services de votre psychologue ?<\/h1>\t\t<\/div>\n\t\t\t\t<\/div>\n\t\t\t\t\t<\/div>\n\t\t<\/div>\n\t\t\t\t\t\t\t<\/div>\n\t\t<\/section>\n\t\t\t\t<section class=\"elementor-section elementor-top-section elementor-element elementor-element-15179db elementor-section-stretched elementor-section-boxed elementor-section-height-default elementor-section-height-default\" data-id=\"15179db\" data-element_type=\"section\" data-settings=\"{&quot;stretch_section&quot;:&quot;section-stretched&quot;}\">\n\t\t\t\t\t\t<div class=\"elementor-container elementor-column-gap-default\">\n\t\t\t\t\t<div class=\"elementor-column elementor-col-100 elementor-top-column elementor-element elementor-element-82fdd85\" data-id=\"82fdd85\" data-element_type=\"column\">\n\t\t\t<div class=\"elementor-widget-wrap elementor-element-populated\">\n\t\t\t\t\t\t\t\t<div class=\"elementor-element elementor-element-5420426 elementor-widget elementor-widget-text-editor\" data-id=\"5420426\" data-element_type=\"widget\" data-widget_type=\"text-editor.default\">\n\t\t\t\t<div class=\"elementor-widget-container\">\n\t\t\t<style>\/*! elementor - v3.7.8 - 02-10-2022 *\/\n.elementor-widget-text-editor.elementor-drop-cap-view-stacked .elementor-drop-cap{background-color:#818a91;color:#fff}.elementor-widget-text-editor.elementor-drop-cap-view-framed .elementor-drop-cap{color:#818a91;border:3px solid;background-color:transparent}.elementor-widget-text-editor:not(.elementor-drop-cap-view-default) .elementor-drop-cap{margin-top:8px}.elementor-widget-text-editor:not(.elementor-drop-cap-view-default) .elementor-drop-cap-letter{width:1em;height:1em}.elementor-widget-text-editor .elementor-drop-cap{float:left;text-align:center;line-height:1;font-size:50px}.elementor-widget-text-editor .elementor-drop-cap-letter{display:inline-block}<\/style>\t\t\t\t<p>Sabine met son expertise de 22 ans, dont 15 ann\u00e9es en tant que psychologue scolaire, au service d&#8217;un large \u00e9ventail de publics. Sa pratique des th\u00e9rapies cognitives et comportementales lui permet d&#8217;obtenir des r\u00e9sultats positifs avec des patients aux profils tr\u00e8s diff\u00e9rents rencontrant une grande vari\u00e9t\u00e9 de difficult\u00e9s psychologiques, \u00e9motionnelles ou relationnelles.<\/p>\t\t\t\t\t\t<\/div>\n\t\t\t\t<\/div>\n\t\t\t\t<section class=\"elementor-section elementor-inner-section elementor-element elementor-element-2b46aea elementor-section-boxed elementor-section-height-default elementor-section-height-default\" data-id=\"2b46aea\" data-element_type=\"section\">\n\t\t\t\t\t\t<div class=\"elementor-container elementor-column-gap-default\">\n\t\t\t\t\t<div class=\"elementor-column elementor-col-50 elementor-inner-column elementor-element elementor-element-1331c16\" data-id=\"1331c16\" data-element_type=\"column\">\n\t\t\t<div class=\"elementor-widget-wrap elementor-element-populated\">\n\t\t\t\t\t\t\t\t<div class=\"elementor-element elementor-element-73821c6 elementor-widget elementor-widget-image\" data-id=\"73821c6\" data-element_type=\"widget\" data-widget_type=\"image.default\">\n\t\t\t\t<div class=\"elementor-widget-container\">\n\t\t\t<style>\/*! elementor - v3.7.8 - 02-10-2022 *\/\n.elementor-widget-image{text-align:center}.elementor-widget-image a{display:inline-block}.elementor-widget-image a img[src$=\".svg\"]{width:48px}.elementor-widget-image img{vertical-align:middle;display:inline-block}<\/style>\t\t\t\t\t\t\t\t\t\t\t\t<img loading=\"lazy\" decoding=\"async\" width=\"640\" height=\"640\" src=\"https:\/\/sabine-cuny-psychologue.fr\/wp-content\/uploads\/2022\/11\/3918491-1024x1024.jpg\" class=\"attachment-large size-large\" alt=\"\" srcset=\"https:\/\/sabine-cuny-psychologue.fr\/wp-content\/uploads\/2022\/11\/3918491.jpg 1024w, https:\/\/sabine-cuny-psychologue.fr\/wp-content\/uploads\/2022\/11\/3918491-300x300.jpg 300w, https:\/\/sabine-cuny-psychologue.fr\/wp-content\/uploads\/2022\/11\/3918491-150x150.jpg 150w, https:\/\/sabine-cuny-psychologue.fr\/wp-content\/uploads\/2022\/11\/3918491-768x768.jpg 768w, https:\/\/sabine-cuny-psychologue.fr\/wp-content\/uploads\/2022\/11\/3918491-600x600.jpg 600w, https:\/\/sabine-cuny-psychologue.fr\/wp-content\/uploads\/2022\/11\/3918491-100x100.jpg 100w\" sizes=\"auto, (max-width: 640px) 100vw, 640px\" \/>\t\t\t\t\t\t\t\t\t\t\t\t\t\t\t<\/div>\n\t\t\t\t<\/div>\n\t\t\t\t\t<\/div>\n\t\t<\/div>\n\t\t\t\t<div class=\"elementor-column elementor-col-50 elementor-inner-column elementor-element elementor-element-c2c3edf\" data-id=\"c2c3edf\" data-element_type=\"column\">\n\t\t\t<div class=\"elementor-widget-wrap elementor-element-populated\">\n\t\t\t\t\t\t\t\t<div class=\"elementor-element elementor-element-6bff8b7 elementor-widget elementor-widget-heading\" data-id=\"6bff8b7\" data-element_type=\"widget\" data-widget_type=\"heading.default\">\n\t\t\t\t<div class=\"elementor-widget-container\">\n\t\t\t<h2 class=\"elementor-heading-title elementor-size-default\">Aux enfants et adolescents<\/h2>\t\t<\/div>\n\t\t\t\t<\/div>\n\t\t\t\t<div class=\"elementor-element elementor-element-9052ec5 elementor-widget elementor-widget-text-editor\" data-id=\"9052ec5\" data-element_type=\"widget\" data-widget_type=\"text-editor.default\">\n\t\t\t\t<div class=\"elementor-widget-container\">\n\t\t\t\t\t\t\t<p>Sabine Cuny a d\u00e9velopp\u00e9 une sensibilit\u00e9 particuli\u00e8re en travaillant avec des enfants et des adolescents. Sa compr\u00e9hension approfondie des d\u00e9fis sp\u00e9cifiques rencontr\u00e9s \u00e0 ces \u00e9tapes du d\u00e9veloppement permet d&#8217;offrir un soutien adapt\u00e9, favorisant l&#8217;\u00e9panouissement et la croissance \u00e9motionnelle.<\/p>\t\t\t\t\t\t<\/div>\n\t\t\t\t<\/div>\n\t\t\t\t<div class=\"elementor-element elementor-element-a076a0b elementor-widget elementor-widget-image\" data-id=\"a076a0b\" data-element_type=\"widget\" data-widget_type=\"image.default\">\n\t\t\t\t<div class=\"elementor-widget-container\">\n\t\t\t\t\t\t\t\t\t\t\t\t\t\t\t<img loading=\"lazy\" decoding=\"async\" width=\"640\" height=\"427\" src=\"https:\/\/sabine-cuny-psychologue.fr\/wp-content\/uploads\/2023\/12\/Psychologue-Ado-Toul.jpg\" class=\"attachment-large size-large\" alt=\"Psychologue adolescents subventionn\u00e9 Toul et Meurthe et Moselle\" srcset=\"https:\/\/sabine-cuny-psychologue.fr\/wp-content\/uploads\/2023\/12\/Psychologue-Ado-Toul.jpg 702w, https:\/\/sabine-cuny-psychologue.fr\/wp-content\/uploads\/2023\/12\/Psychologue-Ado-Toul-300x200.jpg 300w, https:\/\/sabine-cuny-psychologue.fr\/wp-content\/uploads\/2023\/12\/Psychologue-Ado-Toul-600x400.jpg 600w\" sizes=\"auto, (max-width: 640px) 100vw, 640px\" \/>\t\t\t\t\t\t\t\t\t\t\t\t\t\t\t<\/div>\n\t\t\t\t<\/div>\n\t\t\t\t\t<\/div>\n\t\t<\/div>\n\t\t\t\t\t\t\t<\/div>\n\t\t<\/section>\n\t\t\t\t\t<\/div>\n\t\t<\/div>\n\t\t\t\t\t\t\t<\/div>\n\t\t<\/section>\n\t\t\t\t<section class=\"elementor-section elementor-top-section elementor-element elementor-element-fa316ce elementor-section-boxed elementor-section-height-default elementor-section-height-default\" data-id=\"fa316ce\" data-element_type=\"section\">\n\t\t\t\t\t\t<div class=\"elementor-container elementor-column-gap-default\">\n\t\t\t\t\t<div class=\"elementor-column elementor-col-100 elementor-top-column elementor-element elementor-element-f58d198\" data-id=\"f58d198\" data-element_type=\"column\">\n\t\t\t<div class=\"elementor-widget-wrap elementor-element-populated\">\n\t\t\t\t\t\t\t\t<div class=\"elementor-element elementor-element-f2bee7c elementor-widget elementor-widget-spacer\" data-id=\"f2bee7c\" data-element_type=\"widget\" data-widget_type=\"spacer.default\">\n\t\t\t\t<div class=\"elementor-widget-container\">\n\t\t\t<style>\/*! elementor - v3.7.8 - 02-10-2022 *\/\n.elementor-column .elementor-spacer-inner{height:var(--spacer-size)}.e-container{--container-widget-width:100%}.e-container>.elementor-widget-spacer{width:var(--container-widget-width,var(--spacer-size));-ms-flex-item-align:stretch;align-self:stretch;-ms-flex-negative:0;flex-shrink:0}.e-container>.elementor-widget-spacer>.elementor-widget-container,.e-container>.elementor-widget-spacer>.elementor-widget-container>.elementor-spacer{height:100%}.e-container>.elementor-widget-spacer>.elementor-widget-container>.elementor-spacer>.elementor-spacer-inner{height:var(--container-widget-height,var(--spacer-size))}<\/style>\t\t<div class=\"elementor-spacer\">\n\t\t\t<div class=\"elementor-spacer-inner\"><\/div>\n\t\t<\/div>\n\t\t\t\t<\/div>\n\t\t\t\t<\/div>\n\t\t\t\t\t<\/div>\n\t\t<\/div>\n\t\t\t\t\t\t\t<\/div>\n\t\t<\/section>\n\t\t\t\t<section class=\"elementor-section elementor-top-section elementor-element elementor-element-82c0f16 elementor-section-stretched elementor-section-boxed elementor-section-height-default elementor-section-height-default\" data-id=\"82c0f16\" data-element_type=\"section\" data-settings=\"{&quot;stretch_section&quot;:&quot;section-stretched&quot;}\">\n\t\t\t\t\t\t<div class=\"elementor-container elementor-column-gap-default\">\n\t\t\t\t\t<div class=\"elementor-column elementor-col-50 elementor-top-column elementor-element elementor-element-03e197f\" data-id=\"03e197f\" data-element_type=\"column\">\n\t\t\t<div class=\"elementor-widget-wrap elementor-element-populated\">\n\t\t\t\t\t\t\t\t<div class=\"elementor-element elementor-element-87d2db6 elementor-widget elementor-widget-heading\" data-id=\"87d2db6\" data-element_type=\"widget\" data-widget_type=\"heading.default\">\n\t\t\t\t<div class=\"elementor-widget-container\">\n\t\t\t<h2 class=\"elementor-heading-title elementor-size-default\">Aux adultes confront\u00e9s \u00e0 diff\u00e9rentes difficult\u00e9s<\/h2>\t\t<\/div>\n\t\t\t\t<\/div>\n\t\t\t\t<div class=\"elementor-element elementor-element-57ec68e elementor-widget elementor-widget-text-editor\" data-id=\"57ec68e\" data-element_type=\"widget\" data-widget_type=\"text-editor.default\">\n\t\t\t\t<div class=\"elementor-widget-container\">\n\t\t\t\t\t\t\t<p>Les th\u00e9rapies cognitives et comportementales propos\u00e9es par Sabine Cuny s&#8217;adressent \u00e9galement aux adultes confront\u00e9s \u00e0 divers troubles tels que :<\/p><h3 class=\"western\">Anxi\u00e9t\u00e9 et Stress<\/h3><p>Les m\u00e9thodes utilis\u00e9es par Sabine Cuny ont d\u00e9montr\u00e9 leur efficacit\u00e9 dans la gestion de l&#8217;anxi\u00e9t\u00e9 et du stress. Elle guide les adultes \u00e0 d\u00e9velopper des strat\u00e9gies pour faire face aux situations stressantes et pour g\u00e9rer les pens\u00e9es anxieuses.<\/p><h3 class=\"western\">D\u00e9pression<\/h3><p>Pour ceux confront\u00e9s \u00e0 la d\u00e9pression, la th\u00e9rapie cognitive et comportementale se concentre sur l&#8217;identification et la modification des sch\u00e9mas de pens\u00e9e n\u00e9gatifs, encourageant des perspectives plus positives et des comportements adaptatifs.<\/p><h3 class=\"western\">Troubles Obsessionnels Compulsifs (TOC)<\/h3><p>Les accompagnements de Sabine ont \u00e9galement fait leurs preuves dans le traitement des troubles obsessionnels compulsifs, aidant des patients \u00e0 briser les sch\u00e9mas de pens\u00e9e obsessionnelle et \u00e0 adopter des comportements plus sains.<\/p><h3 class=\"western\">Phobies et Troubles de l&#8217;Anxi\u00e9t\u00e9<\/h3><p>Sabine Cuny vous propose des outils concrets pour surmonter les phobies et les troubles de l&#8217;anxi\u00e9t\u00e9 en identifiant et en modifiant les pens\u00e9es irrationnelles qui les sous-tendent.<\/p><h3 class=\"western\">Probl\u00e8mes de Gestion des \u00c9motions<\/h3><p>Sabine Cuny guide les adultes dans la gestion des \u00e9motions difficiles, favorisant des r\u00e9ponses \u00e9motionnelles plus \u00e9quilibr\u00e9es et adapt\u00e9es.<\/p>\t\t\t\t\t\t<\/div>\n\t\t\t\t<\/div>\n\t\t\t\t\t<\/div>\n\t\t<\/div>\n\t\t\t\t<div class=\"elementor-column elementor-col-50 elementor-top-column elementor-element elementor-element-c728ecd\" data-id=\"c728ecd\" data-element_type=\"column\">\n\t\t\t<div class=\"elementor-widget-wrap elementor-element-populated\">\n\t\t\t\t\t\t\t\t<div class=\"elementor-element elementor-element-a303b0b elementor-widget elementor-widget-image\" data-id=\"a303b0b\" data-element_type=\"widget\" data-widget_type=\"image.default\">\n\t\t\t\t<div class=\"elementor-widget-container\">\n\t\t\t\t\t\t\t\t\t\t\t\t\t\t\t<img loading=\"lazy\" decoding=\"async\" width=\"640\" height=\"427\" src=\"https:\/\/sabine-cuny-psychologue.fr\/wp-content\/uploads\/2023\/12\/Psychologie-cognitive-comportementale-nancy.jpg\" class=\"attachment-large size-large\" alt=\"Psychologue subventionn\u00e9e secteur Toul\" srcset=\"https:\/\/sabine-cuny-psychologue.fr\/wp-content\/uploads\/2023\/12\/Psychologie-cognitive-comportementale-nancy.jpg 702w, https:\/\/sabine-cuny-psychologue.fr\/wp-content\/uploads\/2023\/12\/Psychologie-cognitive-comportementale-nancy-300x200.jpg 300w, https:\/\/sabine-cuny-psychologue.fr\/wp-content\/uploads\/2023\/12\/Psychologie-cognitive-comportementale-nancy-600x400.jpg 600w\" sizes=\"auto, (max-width: 640px) 100vw, 640px\" \/>\t\t\t\t\t\t\t\t\t\t\t\t\t\t\t<\/div>\n\t\t\t\t<\/div>\n\t\t\t\t<div class=\"elementor-element elementor-element-80418b3 elementor-widget elementor-widget-spacer\" data-id=\"80418b3\" data-element_type=\"widget\" data-widget_type=\"spacer.default\">\n\t\t\t\t<div class=\"elementor-widget-container\">\n\t\t\t\t\t<div class=\"elementor-spacer\">\n\t\t\t<div class=\"elementor-spacer-inner\"><\/div>\n\t\t<\/div>\n\t\t\t\t<\/div>\n\t\t\t\t<\/div>\n\t\t\t\t<div class=\"elementor-element elementor-element-51d028d elementor-widget elementor-widget-image\" data-id=\"51d028d\" data-element_type=\"widget\" data-widget_type=\"image.default\">\n\t\t\t\t<div class=\"elementor-widget-container\">\n\t\t\t\t\t\t\t\t\t\t\t\t\t\t\t<img loading=\"lazy\" decoding=\"async\" width=\"441\" height=\"443\" src=\"https:\/\/sabine-cuny-psychologue.fr\/wp-content\/uploads\/2022\/12\/Prendre-rdv.png\" class=\"attachment-large size-large\" alt=\"\" srcset=\"https:\/\/sabine-cuny-psychologue.fr\/wp-content\/uploads\/2022\/12\/Prendre-rdv.png 441w, https:\/\/sabine-cuny-psychologue.fr\/wp-content\/uploads\/2022\/12\/Prendre-rdv-300x300.png 300w, https:\/\/sabine-cuny-psychologue.fr\/wp-content\/uploads\/2022\/12\/Prendre-rdv-150x150.png 150w, https:\/\/sabine-cuny-psychologue.fr\/wp-content\/uploads\/2022\/12\/Prendre-rdv-100x100.png 100w\" sizes=\"auto, (max-width: 441px) 100vw, 441px\" \/>\t\t\t\t\t\t\t\t\t\t\t\t\t\t\t<\/div>\n\t\t\t\t<\/div>\n\t\t\t\t\t<\/div>\n\t\t<\/div>\n\t\t\t\t\t\t\t<\/div>\n\t\t<\/section>\n\t\t\t\t<section class=\"elementor-section elementor-top-section elementor-element elementor-element-5a65051 elementor-section-boxed elementor-section-height-default elementor-section-height-default\" data-id=\"5a65051\" data-element_type=\"section\">\n\t\t\t\t\t\t<div class=\"elementor-container elementor-column-gap-default\">\n\t\t\t\t\t<div class=\"elementor-column elementor-col-100 elementor-top-column elementor-element elementor-element-5065723\" data-id=\"5065723\" data-element_type=\"column\">\n\t\t\t<div class=\"elementor-widget-wrap elementor-element-populated\">\n\t\t\t\t\t\t\t\t<div class=\"elementor-element elementor-element-f346d56 elementor-widget elementor-widget-spacer\" data-id=\"f346d56\" data-element_type=\"widget\" data-widget_type=\"spacer.default\">\n\t\t\t\t<div class=\"elementor-widget-container\">\n\t\t\t\t\t<div class=\"elementor-spacer\">\n\t\t\t<div class=\"elementor-spacer-inner\"><\/div>\n\t\t<\/div>\n\t\t\t\t<\/div>\n\t\t\t\t<\/div>\n\t\t\t\t\t<\/div>\n\t\t<\/div>\n\t\t\t\t\t\t\t<\/div>\n\t\t<\/section>\n\t\t\t\t<section class=\"elementor-section elementor-top-section elementor-element elementor-element-c4c463e elementor-section-stretched elementor-section-boxed elementor-section-height-default elementor-section-height-default\" data-id=\"c4c463e\" data-element_type=\"section\" data-settings=\"{&quot;stretch_section&quot;:&quot;section-stretched&quot;}\">\n\t\t\t\t\t\t<div class=\"elementor-container elementor-column-gap-default\">\n\t\t\t\t\t<div class=\"elementor-column elementor-col-33 elementor-top-column elementor-element elementor-element-edfc2bb\" data-id=\"edfc2bb\" data-element_type=\"column\">\n\t\t\t<div class=\"elementor-widget-wrap elementor-element-populated\">\n\t\t\t\t\t\t\t\t<div class=\"elementor-element elementor-element-1280333 elementor-widget elementor-widget-heading\" data-id=\"1280333\" data-element_type=\"widget\" data-widget_type=\"heading.default\">\n\t\t\t\t<div class=\"elementor-widget-container\">\n\t\t\t<h2 class=\"elementor-heading-title elementor-size-default\">Des solutions pour un bien-\u00eatre mental durable<\/h2>\t\t<\/div>\n\t\t\t\t<\/div>\n\t\t\t\t<div class=\"elementor-element elementor-element-d299654 elementor-widget elementor-widget-text-editor\" data-id=\"d299654\" data-element_type=\"widget\" data-widget_type=\"text-editor.default\">\n\t\t\t\t<div class=\"elementor-widget-container\">\n\t\t\t\t\t\t\t<p>Que vous soyez des parents \u00e0 la recherche d&#8217;un soutien pour votre enfant ou votre adolescent, ou un adulte confront\u00e9 \u00e0 des difficult\u00e9s \u00e9motionnelles ou des troubles psychologiques, les accompagnements psychologiques propos\u00e9s par Sabine Cuny offrent des solutions personnalis\u00e9es pour un bien-\u00eatre mental durable.<\/p><p>Pour faire un premier pas vers une vie plus \u00e9quilibr\u00e9e et \u00e9panouissante, n&#8217;h\u00e9sitez pas \u00e0 contacter Sabine Cuny d\u00e8s aujourd&#8217;hui.\u00a0<\/p>\t\t\t\t\t\t<\/div>\n\t\t\t\t<\/div>\n\t\t\t\t\t<\/div>\n\t\t<\/div>\n\t\t\t\t<div class=\"elementor-column elementor-col-66 elementor-top-column elementor-element elementor-element-e0c2a47\" data-id=\"e0c2a47\" data-element_type=\"column\">\n\t\t\t<div class=\"elementor-widget-wrap elementor-element-populated\">\n\t\t\t\t\t\t\t\t<div class=\"elementor-element elementor-element-77bf389 elementor-widget elementor-widget-image\" data-id=\"77bf389\" data-element_type=\"widget\" data-widget_type=\"image.default\">\n\t\t\t\t<div class=\"elementor-widget-container\">\n\t\t\t\t\t\t\t\t\t\t\t\t\t\t\t<img loading=\"lazy\" decoding=\"async\" width=\"640\" height=\"360\" src=\"https:\/\/sabine-cuny-psychologue.fr\/wp-content\/uploads\/2022\/11\/At-the-psychologists.png\" class=\"attachment-large size-large\" alt=\"\" srcset=\"https:\/\/sabine-cuny-psychologue.fr\/wp-content\/uploads\/2022\/11\/At-the-psychologists.png 1024w, https:\/\/sabine-cuny-psychologue.fr\/wp-content\/uploads\/2022\/11\/At-the-psychologists-300x169.png 300w, https:\/\/sabine-cuny-psychologue.fr\/wp-content\/uploads\/2022\/11\/At-the-psychologists-768x432.png 768w, https:\/\/sabine-cuny-psychologue.fr\/wp-content\/uploads\/2022\/11\/At-the-psychologists-600x338.png 600w\" sizes=\"auto, (max-width: 640px) 100vw, 640px\" \/>\t\t\t\t\t\t\t\t\t\t\t\t\t\t\t<\/div>\n\t\t\t\t<\/div>\n\t\t\t\t\t<\/div>\n\t\t<\/div>\n\t\t\t\t\t\t\t<\/div>\n\t\t<\/section>\n\t\t\t\t<section class=\"elementor-section elementor-top-section elementor-element elementor-element-b3ecb60 elementor-section-stretched elementor-section-boxed elementor-section-height-default elementor-section-height-default\" data-id=\"b3ecb60\" data-element_type=\"section\" data-settings=\"{&quot;stretch_section&quot;:&quot;section-stretched&quot;}\">\n\t\t\t\t\t\t<div class=\"elementor-container elementor-column-gap-default\">\n\t\t\t\t\t<div class=\"elementor-column elementor-col-100 elementor-top-column elementor-element elementor-element-e009018\" data-id=\"e009018\" data-element_type=\"column\">\n\t\t\t<div class=\"elementor-widget-wrap elementor-element-populated\">\n\t\t\t\t\t\t\t\t<div class=\"elementor-element elementor-element-71c472a animated-slow elementor-view-default elementor-invisible elementor-widget elementor-widget-icon\" data-id=\"71c472a\" data-element_type=\"widget\" data-settings=\"{&quot;_animation&quot;:&quot;fadeInLeft&quot;}\" data-widget_type=\"icon.default\">\n\t\t\t\t<div class=\"elementor-widget-container\">\n\t\t\t\t\t<div class=\"elementor-icon-wrapper\">\n\t\t\t<div class=\"elementor-icon\">\n\t\t\t<i aria-hidden=\"true\" class=\"fas fa-star\"><\/i>\t\t\t<\/div>\n\t\t<\/div>\n\t\t\t\t<\/div>\n\t\t\t\t<\/div>\n\t\t\t\t\t<\/div>\n\t\t<\/div>\n\t\t\t\t\t\t\t<\/div>\n\t\t<\/section>\n\t\t\t\t<section class=\"elementor-section elementor-top-section elementor-element elementor-element-2101817 elementor-section-stretched elementor-section-boxed elementor-section-height-default elementor-section-height-default\" data-id=\"2101817\" data-element_type=\"section\" data-settings=\"{&quot;stretch_section&quot;:&quot;section-stretched&quot;}\">\n\t\t\t\t\t\t<div class=\"elementor-container elementor-column-gap-default\">\n\t\t\t\t\t<div class=\"elementor-column elementor-col-100 elementor-top-column elementor-element elementor-element-5bc93b2\" data-id=\"5bc93b2\" data-element_type=\"column\">\n\t\t\t<div class=\"elementor-widget-wrap\">\n\t\t\t\t\t\t\t\t\t<\/div>\n\t\t<\/div>\n\t\t\t\t\t\t\t<\/div>\n\t\t<\/section>\n\t\t\t\t\t\t\t<\/div>\n\t\t","protected":false},"excerpt":{"rendered":"<p>\/*! elementor &#8211; v3.7.8 &#8211; 02-10-2022 *\/<br \/>\n.elementor-heading-title{padding:0;margin:0;line-height:1}.elementor-widget-heading .elementor-heading-title[class*=elementor-size-]>a{color:inherit;font-size:inherit;line-height:inherit}.elementor-widget-heading .elementor-heading-title.elementor-size-small{font-size:15px}.elementor-widget-heading .elementor-heading-title.elementor-size-medium{font-size:19px}.elementor-widget-heading .elementor-heading-title.elementor-size-large{font-size:29px}.elementor-widget-heading .elementor-heading-title.elementor-size-xl{font-size:39px}.elementor-widget-heading .elementor-heading-title.elementor-size-xxl{font-size:59px}<br \/>\nA quels publics s&#8217;adressent les services de votre psychologue ?<br \/>\nSabine met son expertise de 22 ans, dont 15 ann\u00e9es en tant que psychologue scolaire, au <\/p>\n","protected":false},"author":2,"featured_media":0,"parent":0,"menu_order":0,"comment_status":"closed","ping_status":"closed","template":"","meta":{"om_disable_all_campaigns":false,"pmpro_default_level":0,"_monsterinsights_skip_tracking":false,"_monsterinsights_sitenote_active":false,"_monsterinsights_sitenote_note":"","_monsterinsights_sitenote_category":0,"_uf_show_specific_survey":0,"_uf_disable_surveys":false,"footnotes":""},"class_list":["post-6849","page","type-page","status-publish","hentry","pmpro-has-access"],"aioseo_notices":[],"_links":{"self":[{"href":"https:\/\/sabine-cuny-psychologue.fr\/index.php\/wp-json\/wp\/v2\/pages\/6849","targetHints":{"allow":["GET"]}}],"collection":[{"href":"https:\/\/sabine-cuny-psychologue.fr\/index.php\/wp-json\/wp\/v2\/pages"}],"about":[{"href":"https:\/\/sabine-cuny-psychologue.fr\/index.php\/wp-json\/wp\/v2\/types\/page"}],"author":[{"embeddable":true,"href":"https:\/\/sabine-cuny-psychologue.fr\/index.php\/wp-json\/wp\/v2\/users\/2"}],"replies":[{"embeddable":true,"href":"https:\/\/sabine-cuny-psychologue.fr\/index.php\/wp-json\/wp\/v2\/comments?post=6849"}],"version-history":[{"count":77,"href":"https:\/\/sabine-cuny-psychologue.fr\/index.php\/wp-json\/wp\/v2\/pages\/6849\/revisions"}],"predecessor-version":[{"id":7686,"href":"https:\/\/sabine-cuny-psychologue.fr\/index.php\/wp-json\/wp\/v2\/pages\/6849\/revisions\/7686"}],"wp:attachment":[{"href":"https:\/\/sabine-cuny-psychologue.fr\/index.php\/wp-json\/wp\/v2\/media?parent=6849"}],"curies":[{"name":"wp","href":"https:\/\/api.w.org\/{rel}","templated":true}]}}