{"id":7417,"date":"2023-12-06T10:51:37","date_gmt":"2023-12-06T09:51:37","guid":{"rendered":"http:\/\/sabine-cuny-psychologue.fr\/?page_id=7417"},"modified":"2024-01-30T09:30:12","modified_gmt":"2024-01-30T08:30:12","slug":"presentation","status":"publish","type":"page","link":"https:\/\/sabine-cuny-psychologue.fr\/index.php\/presentation\/","title":{"rendered":"Pr\u00e9sentation"},"content":{"rendered":"\t\t<div data-elementor-type=\"wp-page\" data-elementor-id=\"7417\" class=\"elementor elementor-7417\">\n\t\t\t\t\t\t\t\t\t<section class=\"elementor-section elementor-top-section elementor-element elementor-element-dc28abb elementor-section-boxed elementor-section-height-default elementor-section-height-default\" data-id=\"dc28abb\" data-element_type=\"section\">\n\t\t\t\t\t\t<div class=\"elementor-container elementor-column-gap-default\">\n\t\t\t\t\t<div class=\"elementor-column elementor-col-100 elementor-top-column elementor-element elementor-element-60469b6\" data-id=\"60469b6\" data-element_type=\"column\">\n\t\t\t<div class=\"elementor-widget-wrap elementor-element-populated\">\n\t\t\t\t\t\t\t\t<div class=\"elementor-element elementor-element-62bd33e elementor-widget elementor-widget-text-editor\" data-id=\"62bd33e\" data-element_type=\"widget\" data-widget_type=\"text-editor.default\">\n\t\t\t\t<div class=\"elementor-widget-container\">\n\t\t\t<style>\/*! elementor - v3.7.8 - 02-10-2022 *\/\n.elementor-widget-text-editor.elementor-drop-cap-view-stacked .elementor-drop-cap{background-color:#818a91;color:#fff}.elementor-widget-text-editor.elementor-drop-cap-view-framed .elementor-drop-cap{color:#818a91;border:3px solid;background-color:transparent}.elementor-widget-text-editor:not(.elementor-drop-cap-view-default) .elementor-drop-cap{margin-top:8px}.elementor-widget-text-editor:not(.elementor-drop-cap-view-default) .elementor-drop-cap-letter{width:1em;height:1em}.elementor-widget-text-editor .elementor-drop-cap{float:left;text-align:center;line-height:1;font-size:50px}.elementor-widget-text-editor .elementor-drop-cap-letter{display:inline-block}<\/style>\t\t\t\t<p><strong>Forte de 22 ans d&#8217;exp\u00e9rience, dont 15 ann\u00e9es en tant que psychologue scolaire, Sabine propose aujourd\u2019hui sur le secteur de Toul, en Meurthe-et-Moselle, des accompagnements psychologiques qui s\u2019appuient sur les m\u00e9thodes reconnues des th\u00e9rapies cognitives et comportementales.<\/strong><\/p>\t\t\t\t\t\t<\/div>\n\t\t\t\t<\/div>\n\t\t\t\t\t<\/div>\n\t\t<\/div>\n\t\t\t\t\t\t\t<\/div>\n\t\t<\/section>\n\t\t\t\t<section class=\"elementor-section elementor-top-section elementor-element elementor-element-c77b2d6 thim_1_col_tablet elementor-section-stretched elementor-section-boxed elementor-section-height-default elementor-section-height-default\" data-id=\"c77b2d6\" data-element_type=\"section\" data-settings=\"{&quot;stretch_section&quot;:&quot;section-stretched&quot;}\">\n\t\t\t\t\t\t<div class=\"elementor-container elementor-column-gap-extended\">\n\t\t\t\t\t<div class=\"elementor-column elementor-col-50 elementor-top-column elementor-element elementor-element-3004288\" data-id=\"3004288\" data-element_type=\"column\">\n\t\t\t<div class=\"elementor-widget-wrap elementor-element-populated\">\n\t\t\t\t\t\t\t\t<div class=\"elementor-element elementor-element-32eaa38 elementor-widget elementor-widget-wp-widget-text\" data-id=\"32eaa38\" data-element_type=\"widget\" data-widget_type=\"wp-widget-text.default\">\n\t\t\t\t<div class=\"elementor-widget-container\">\n\t\t\t<h5>\u00c0 Propos de Sabine Cuny<\/h5>\t\t\t<div class=\"textwidget\"><\/div>\n\t\t\t\t<\/div>\n\t\t\t\t<\/div>\n\t\t\t\t<div class=\"elementor-element elementor-element-9afee9c elementor-widget elementor-widget-wp-widget-text\" data-id=\"9afee9c\" data-element_type=\"widget\" data-widget_type=\"wp-widget-text.default\">\n\t\t\t\t<div class=\"elementor-widget-container\">\n\t\t\t\t\t\t<div class=\"textwidget\"><p>A l&#8217;issue d&#8217;un parcours de 9 ans, Sabine Cuny a a \u00e9t\u00e9 <a href=\"https:\/\/www.afpen.fr\/2010\/07\/07\/le-deps-diplome-d-etat-de333\/\">Dipl\u00f4m\u00e9e d&#8217;\u00c9tat en tant que Psychologue Scolaire (DEPS)<\/a>. Cette solide formation lui a permis d&#8217;acqu\u00e9rir une compr\u00e9hension approfondie des besoins psychologiques des individus, dont les besoins sp\u00e9cifiques des enfants et des adolescents.<\/p>\n<\/div>\n\t\t\t\t<\/div>\n\t\t\t\t<\/div>\n\t\t\t\t\t<\/div>\n\t\t<\/div>\n\t\t\t\t<div class=\"elementor-column elementor-col-50 elementor-top-column elementor-element elementor-element-a4f3b84\" data-id=\"a4f3b84\" data-element_type=\"column\">\n\t\t\t<div class=\"elementor-widget-wrap elementor-element-populated\">\n\t\t\t\t\t\t\t\t<div class=\"elementor-element elementor-element-75d38ac elementor-widget elementor-widget-image\" data-id=\"75d38ac\" data-element_type=\"widget\" data-widget_type=\"image.default\">\n\t\t\t\t<div class=\"elementor-widget-container\">\n\t\t\t<style>\/*! elementor - v3.7.8 - 02-10-2022 *\/\n.elementor-widget-image{text-align:center}.elementor-widget-image a{display:inline-block}.elementor-widget-image a img[src$=\".svg\"]{width:48px}.elementor-widget-image img{vertical-align:middle;display:inline-block}<\/style>\t\t\t\t\t\t\t\t\t\t\t\t<img loading=\"lazy\" decoding=\"async\" width=\"1200\" height=\"800\" src=\"https:\/\/sabine-cuny-psychologue.fr\/wp-content\/uploads\/2022\/10\/DSC9067.jpg\" class=\"attachment-full size-full\" alt=\"\" srcset=\"https:\/\/sabine-cuny-psychologue.fr\/wp-content\/uploads\/2022\/10\/DSC9067.jpg 1200w, https:\/\/sabine-cuny-psychologue.fr\/wp-content\/uploads\/2022\/10\/DSC9067-300x200.jpg 300w, https:\/\/sabine-cuny-psychologue.fr\/wp-content\/uploads\/2022\/10\/DSC9067-1024x683.jpg 1024w, https:\/\/sabine-cuny-psychologue.fr\/wp-content\/uploads\/2022\/10\/DSC9067-768x512.jpg 768w, https:\/\/sabine-cuny-psychologue.fr\/wp-content\/uploads\/2022\/10\/DSC9067-600x400.jpg 600w\" sizes=\"auto, (max-width: 1200px) 100vw, 1200px\" \/>\t\t\t\t\t\t\t\t\t\t\t\t\t\t\t<\/div>\n\t\t\t\t<\/div>\n\t\t\t\t\t<\/div>\n\t\t<\/div>\n\t\t\t\t\t\t\t<\/div>\n\t\t<\/section>\n\t\t\t\t<section class=\"elementor-section elementor-top-section elementor-element elementor-element-f0d8052 thim_1_col_tablet elementor-section-stretched elementor-section-boxed elementor-section-height-default elementor-section-height-default\" data-id=\"f0d8052\" data-element_type=\"section\" data-settings=\"{&quot;stretch_section&quot;:&quot;section-stretched&quot;}\">\n\t\t\t\t\t\t<div class=\"elementor-container elementor-column-gap-extended\">\n\t\t\t\t\t<div class=\"elementor-column elementor-col-50 elementor-top-column elementor-element elementor-element-5b2dc2a\" data-id=\"5b2dc2a\" data-element_type=\"column\">\n\t\t\t<div class=\"elementor-widget-wrap elementor-element-populated\">\n\t\t\t\t\t\t\t\t<div class=\"elementor-element elementor-element-ec04ca3 elementor-widget elementor-widget-image\" data-id=\"ec04ca3\" data-element_type=\"widget\" data-widget_type=\"image.default\">\n\t\t\t\t<div class=\"elementor-widget-container\">\n\t\t\t\t\t\t\t\t\t\t\t\t\t\t\t<img loading=\"lazy\" decoding=\"async\" width=\"702\" height=\"468\" src=\"https:\/\/sabine-cuny-psychologue.fr\/wp-content\/uploads\/2023\/12\/Therapie-cognitive-comportementale-toul.jpg\" class=\"attachment-full size-full\" alt=\"Th\u00e9rapie cognitive et comportementale secteur Toul et Meurthe et Moselle\" srcset=\"https:\/\/sabine-cuny-psychologue.fr\/wp-content\/uploads\/2023\/12\/Therapie-cognitive-comportementale-toul.jpg 702w, https:\/\/sabine-cuny-psychologue.fr\/wp-content\/uploads\/2023\/12\/Therapie-cognitive-comportementale-toul-300x200.jpg 300w, https:\/\/sabine-cuny-psychologue.fr\/wp-content\/uploads\/2023\/12\/Therapie-cognitive-comportementale-toul-600x400.jpg 600w\" sizes=\"auto, (max-width: 702px) 100vw, 702px\" \/>\t\t\t\t\t\t\t\t\t\t\t\t\t\t\t<\/div>\n\t\t\t\t<\/div>\n\t\t\t\t\t<\/div>\n\t\t<\/div>\n\t\t\t\t<div class=\"elementor-column elementor-col-50 elementor-top-column elementor-element elementor-element-2ec4215\" data-id=\"2ec4215\" data-element_type=\"column\">\n\t\t\t<div class=\"elementor-widget-wrap elementor-element-populated\">\n\t\t\t\t\t\t\t\t<div class=\"elementor-element elementor-element-58d2bfe elementor-widget elementor-widget-wp-widget-text\" data-id=\"58d2bfe\" data-element_type=\"widget\" data-widget_type=\"wp-widget-text.default\">\n\t\t\t\t<div class=\"elementor-widget-container\">\n\t\t\t<h5>Une expertise en th\u00e9rapie cognitive et comportementale<\/h5>\t\t\t<div class=\"textwidget\"><\/div>\n\t\t\t\t<\/div>\n\t\t\t\t<\/div>\n\t\t\t\t<div class=\"elementor-element elementor-element-d87a19b elementor-widget elementor-widget-wp-widget-text\" data-id=\"d87a19b\" data-element_type=\"widget\" data-widget_type=\"wp-widget-text.default\">\n\t\t\t\t<div class=\"elementor-widget-container\">\n\t\t\t\t\t\t<div class=\"textwidget\"><p>La pratique de Sabine repose sur les m\u00e9thodes \u00e9prouv\u00e9es des <a href=\"https:\/\/www.aftcc.org\/les-therapies-comportementales-et-cognitives\">th\u00e9rapies cognitives et comportementales<\/a>. En tant que seule psychologue subventionn\u00e9e du secteur de Toul, elle est engag\u00e9e \u00e0 fournir des soins accessibles et de qualit\u00e9. Les interventions de Sabine s&#8217;adressent \u00e0 un large public, allant des enfants et des adolescents aux adultes.<\/p>\n<\/div>\n\t\t\t\t<\/div>\n\t\t\t\t<\/div>\n\t\t\t\t\t<\/div>\n\t\t<\/div>\n\t\t\t\t\t\t\t<\/div>\n\t\t<\/section>\n\t\t\t\t<section class=\"elementor-section elementor-top-section elementor-element elementor-element-af15353 thim_1_col_tablet elementor-section-stretched elementor-section-boxed elementor-section-height-default elementor-section-height-default\" data-id=\"af15353\" data-element_type=\"section\" data-settings=\"{&quot;stretch_section&quot;:&quot;section-stretched&quot;}\">\n\t\t\t\t\t\t<div class=\"elementor-container elementor-column-gap-extended\">\n\t\t\t\t\t<div class=\"elementor-column elementor-col-50 elementor-top-column elementor-element elementor-element-fcf4c2b\" data-id=\"fcf4c2b\" data-element_type=\"column\">\n\t\t\t<div class=\"elementor-widget-wrap elementor-element-populated\">\n\t\t\t\t\t\t\t\t<div class=\"elementor-element elementor-element-956cfd8 elementor-widget elementor-widget-wp-widget-text\" data-id=\"956cfd8\" data-element_type=\"widget\" data-widget_type=\"wp-widget-text.default\">\n\t\t\t\t<div class=\"elementor-widget-container\">\n\t\t\t<h5>Une psychologue pour enfants, adolescents et adultes<\/h5>\t\t\t<div class=\"textwidget\"><\/div>\n\t\t\t\t<\/div>\n\t\t\t\t<\/div>\n\t\t\t\t<div class=\"elementor-element elementor-element-a253339 elementor-widget elementor-widget-wp-widget-text\" data-id=\"a253339\" data-element_type=\"widget\" data-widget_type=\"wp-widget-text.default\">\n\t\t\t\t<div class=\"elementor-widget-container\">\n\t\t\t\t\t\t<div class=\"textwidget\"><p>Avec une exp\u00e9rience significative en tant que psychologue scolaire, Sabine a d\u00e9velopp\u00e9 une sensibilit\u00e9 particuli\u00e8re aux besoins des enfants et des adolescents. Ses th\u00e9rapies sont adapt\u00e9es pour aborder les d\u00e9fis sp\u00e9cifiques rencontr\u00e9s \u00e0 ces diff\u00e9rentes \u00e9tapes du d\u00e9veloppement.<\/p>\n<\/div>\n\t\t\t\t<\/div>\n\t\t\t\t<\/div>\n\t\t\t\t\t<\/div>\n\t\t<\/div>\n\t\t\t\t<div class=\"elementor-column elementor-col-50 elementor-top-column elementor-element elementor-element-a064432\" data-id=\"a064432\" data-element_type=\"column\">\n\t\t\t<div class=\"elementor-widget-wrap elementor-element-populated\">\n\t\t\t\t\t\t\t\t<div class=\"elementor-element elementor-element-c47ab58 elementor-widget elementor-widget-image\" data-id=\"c47ab58\" data-element_type=\"widget\" data-widget_type=\"image.default\">\n\t\t\t\t<div class=\"elementor-widget-container\">\n\t\t\t\t\t\t\t\t\t\t\t\t\t\t\t<img loading=\"lazy\" decoding=\"async\" width=\"260\" height=\"334\" src=\"https:\/\/sabine-cuny-psychologue.fr\/wp-content\/uploads\/2022\/12\/Quel-Public-psychotherapie.jpg\" class=\"attachment-full size-full\" alt=\"\" srcset=\"https:\/\/sabine-cuny-psychologue.fr\/wp-content\/uploads\/2022\/12\/Quel-Public-psychotherapie.jpg 260w, https:\/\/sabine-cuny-psychologue.fr\/wp-content\/uploads\/2022\/12\/Quel-Public-psychotherapie-234x300.jpg 234w\" sizes=\"auto, (max-width: 260px) 100vw, 260px\" \/>\t\t\t\t\t\t\t\t\t\t\t\t\t\t\t<\/div>\n\t\t\t\t<\/div>\n\t\t\t\t\t<\/div>\n\t\t<\/div>\n\t\t\t\t\t\t\t<\/div>\n\t\t<\/section>\n\t\t\t\t<section class=\"elementor-section elementor-top-section elementor-element elementor-element-67d62be thim_1_col_tablet elementor-section-stretched elementor-section-boxed elementor-section-height-default elementor-section-height-default\" data-id=\"67d62be\" data-element_type=\"section\" data-settings=\"{&quot;stretch_section&quot;:&quot;section-stretched&quot;}\">\n\t\t\t\t\t\t<div class=\"elementor-container elementor-column-gap-extended\">\n\t\t\t\t\t<div class=\"elementor-column elementor-col-50 elementor-top-column elementor-element elementor-element-6ac0279\" data-id=\"6ac0279\" data-element_type=\"column\">\n\t\t\t<div class=\"elementor-widget-wrap elementor-element-populated\">\n\t\t\t\t\t\t\t\t<div class=\"elementor-element elementor-element-b1fdc37 elementor-widget elementor-widget-image\" data-id=\"b1fdc37\" data-element_type=\"widget\" data-widget_type=\"image.default\">\n\t\t\t\t<div class=\"elementor-widget-container\">\n\t\t\t\t\t\t\t\t\t\t\t\t\t\t\t<img loading=\"lazy\" decoding=\"async\" width=\"702\" height=\"516\" src=\"https:\/\/sabine-cuny-psychologue.fr\/wp-content\/uploads\/2023\/12\/Psychologue-conventionne-securite-sociale.jpg\" class=\"attachment-full size-full\" alt=\"Psychologue conventionn\u00e9e par la s\u00e9curit\u00e9 sociale sur le secteur de Toul et Meurthe et Moselle\" srcset=\"https:\/\/sabine-cuny-psychologue.fr\/wp-content\/uploads\/2023\/12\/Psychologue-conventionne-securite-sociale.jpg 702w, https:\/\/sabine-cuny-psychologue.fr\/wp-content\/uploads\/2023\/12\/Psychologue-conventionne-securite-sociale-300x221.jpg 300w, https:\/\/sabine-cuny-psychologue.fr\/wp-content\/uploads\/2023\/12\/Psychologue-conventionne-securite-sociale-600x441.jpg 600w\" sizes=\"auto, (max-width: 702px) 100vw, 702px\" \/>\t\t\t\t\t\t\t\t\t\t\t\t\t\t\t<\/div>\n\t\t\t\t<\/div>\n\t\t\t\t\t<\/div>\n\t\t<\/div>\n\t\t\t\t<div class=\"elementor-column elementor-col-50 elementor-top-column elementor-element elementor-element-5d68290\" data-id=\"5d68290\" data-element_type=\"column\">\n\t\t\t<div class=\"elementor-widget-wrap elementor-element-populated\">\n\t\t\t\t\t\t\t\t<div class=\"elementor-element elementor-element-97387af elementor-widget elementor-widget-wp-widget-text\" data-id=\"97387af\" data-element_type=\"widget\" data-widget_type=\"wp-widget-text.default\">\n\t\t\t\t<div class=\"elementor-widget-container\">\n\t\t\t<h5>Un psychologue conventionn\u00e9e pour des accompagnements rembours\u00e9s par la s\u00e9curit\u00e9 sociale<\/h5>\t\t\t<div class=\"textwidget\"><\/div>\n\t\t\t\t<\/div>\n\t\t\t\t<\/div>\n\t\t\t\t<div class=\"elementor-element elementor-element-9de982a elementor-widget elementor-widget-wp-widget-text\" data-id=\"9de982a\" data-element_type=\"widget\" data-widget_type=\"wp-widget-text.default\">\n\t\t\t\t<div class=\"elementor-widget-container\">\n\t\t\t\t\t\t<div class=\"textwidget\"><p>Sabine Cuny est une <a href=\"https:\/\/www.ameli.fr\/medecin\/exercice-liberal\/prise-charge-situation-type-soin\/accompagnement-avec-un-psychologue-conventionne-mon-soutien-psy\">psychologue conventionn\u00e9e<\/a>, ce qui signifie que ses services sont reconnus et rembours\u00e9s par la S\u00e9curit\u00e9 Sociale. Elle s&#8217;engage \u00e0 rendre les th\u00e9rapies accessibles au plus grand nombre, contribuant ainsi au bien-\u00eatre mental de la communaut\u00e9.<\/p>\n<\/div>\n\t\t\t\t<\/div>\n\t\t\t\t<\/div>\n\t\t\t\t\t<\/div>\n\t\t<\/div>\n\t\t\t\t\t\t\t<\/div>\n\t\t<\/section>\n\t\t\t\t<section class=\"elementor-section elementor-top-section elementor-element elementor-element-693d0f3 thim_1_col_tablet elementor-section-stretched elementor-section-boxed elementor-section-height-default elementor-section-height-default\" data-id=\"693d0f3\" data-element_type=\"section\" data-settings=\"{&quot;stretch_section&quot;:&quot;section-stretched&quot;}\">\n\t\t\t\t\t\t<div class=\"elementor-container elementor-column-gap-extended\">\n\t\t\t\t\t<div class=\"elementor-column elementor-col-50 elementor-top-column elementor-element elementor-element-e35b435\" data-id=\"e35b435\" data-element_type=\"column\">\n\t\t\t<div class=\"elementor-widget-wrap elementor-element-populated\">\n\t\t\t\t\t\t\t\t<div class=\"elementor-element elementor-element-06a1e91 elementor-widget elementor-widget-wp-widget-text\" data-id=\"06a1e91\" data-element_type=\"widget\" data-widget_type=\"wp-widget-text.default\">\n\t\t\t\t<div class=\"elementor-widget-container\">\n\t\t\t<h5>Une psychologue conventionn\u00e9e pour le secteur de Toul et ses environs<\/h5>\t\t\t<div class=\"textwidget\"><\/div>\n\t\t\t\t<\/div>\n\t\t\t\t<\/div>\n\t\t\t\t<div class=\"elementor-element elementor-element-063715c elementor-widget elementor-widget-wp-widget-text\" data-id=\"063715c\" data-element_type=\"widget\" data-widget_type=\"wp-widget-text.default\">\n\t\t\t\t<div class=\"elementor-widget-container\">\n\t\t\t\t\t\t<div class=\"textwidget\"><p>Sabine a choisi de s&#8217;installer \u00e0 Toul avec la conviction qu&#8217;il existait un besoin de soins psychologiques dans la r\u00e9gion. Sa mission est de combler ce vide en offrant des services professionnels et bienveillants.<\/p>\n<p>Pour prendre rendez-vous avec Sabine Cuny et commencer votre parcours vers le bien-\u00eatre mental, n&#8217;h\u00e9sitez pas \u00e0 la contacter. Votre bien-\u00eatre mentale est sa priorit\u00e9.<\/p>\n<\/div>\n\t\t\t\t<\/div>\n\t\t\t\t<\/div>\n\t\t\t\t\t<\/div>\n\t\t<\/div>\n\t\t\t\t<div class=\"elementor-column elementor-col-50 elementor-top-column elementor-element elementor-element-0e04561\" data-id=\"0e04561\" data-element_type=\"column\">\n\t\t\t<div class=\"elementor-widget-wrap elementor-element-populated\">\n\t\t\t\t\t\t\t\t<div class=\"elementor-element elementor-element-61445ad elementor-widget elementor-widget-image\" data-id=\"61445ad\" data-element_type=\"widget\" data-widget_type=\"image.default\">\n\t\t\t\t<div class=\"elementor-widget-container\">\n\t\t\t\t\t\t\t\t\t\t\t\t\t\t\t<img loading=\"lazy\" decoding=\"async\" width=\"702\" height=\"469\" src=\"https:\/\/sabine-cuny-psychologue.fr\/wp-content\/uploads\/2023\/12\/Psychologue-meurthe-et-moselle.jpg\" class=\"attachment-full size-full\" alt=\"Secteur Toul et Meurthe et Moselle\" srcset=\"https:\/\/sabine-cuny-psychologue.fr\/wp-content\/uploads\/2023\/12\/Psychologue-meurthe-et-moselle.jpg 702w, https:\/\/sabine-cuny-psychologue.fr\/wp-content\/uploads\/2023\/12\/Psychologue-meurthe-et-moselle-300x200.jpg 300w, https:\/\/sabine-cuny-psychologue.fr\/wp-content\/uploads\/2023\/12\/Psychologue-meurthe-et-moselle-600x401.jpg 600w\" sizes=\"auto, (max-width: 702px) 100vw, 702px\" \/>\t\t\t\t\t\t\t\t\t\t\t\t\t\t\t<\/div>\n\t\t\t\t<\/div>\n\t\t\t\t\t<\/div>\n\t\t<\/div>\n\t\t\t\t\t\t\t<\/div>\n\t\t<\/section>\n\t\t\t\t<section class=\"elementor-section elementor-top-section elementor-element elementor-element-2254ce9 thim-line-vertical elementor-section-stretched elementor-section-boxed elementor-section-height-default elementor-section-height-default\" data-id=\"2254ce9\" data-element_type=\"section\" data-settings=\"{&quot;background_background&quot;:&quot;classic&quot;,&quot;stretch_section&quot;:&quot;section-stretched&quot;}\">\n\t\t\t\t\t\t<div class=\"elementor-container elementor-column-gap-default\">\n\t\t\t\t\t<div class=\"elementor-column elementor-col-100 elementor-top-column elementor-element elementor-element-9a6aa94\" data-id=\"9a6aa94\" data-element_type=\"column\">\n\t\t\t<div class=\"elementor-widget-wrap elementor-element-populated\">\n\t\t\t\t\t\t\t\t<div class=\"elementor-element elementor-element-4399aa8 has-line gym-style elementor-widget thim-widget-testimonials\" data-id=\"4399aa8\" data-element_type=\"widget\" data-widget_type=\"thim-testimonials.default\">\n\t\t\t\t<div class=\"elementor-widget-container\">\n\t\t\t<div class=\"thim-round-testimonial layout-3\">\n\t\t<div class=\"thim-round-testimonial-slider\" data-timeout=\"6000\" data-imgwidth=\"90\" data-padding=\"-17\" data-visible=\"3\" data-ratio=\"1\" data-autoplay=\"false\">\n\t\t\t\t\t\t\t\t\t\t<div class=\"item\">\n\t\t\t\t\t<div class=\"image\"><img loading=\"lazy\" decoding=\"async\" src=\"https:\/\/sabine-cuny-psychologue.fr\/wp-content\/uploads\/2022\/12\/Joyce-Meyer-170x170.jpg\" alt=\"Joyce-Meyer\" title=\"Joyce-Meyer\"  width=\"170\" height=\"170\"><\/div><div class=\"content\"><div class=\"description\"><div class=\"thim-excerpt\">Lorsque nous remplissons notre t\u00eate de bonnes choses, les mauvaises n&#8217;ont pas la place d&#8217;y entrer.\n<\/div><\/div><div class=\"author\">_Joyce Meyer,<span class=\"regency\"><\/span><\/div><\/div>\t\t\t\t<\/div>\n\t\t\t\t\t\t\t\t\t\t\t<div class=\"item\">\n\t\t\t\t\t<div class=\"image\"><img loading=\"lazy\" decoding=\"async\" src=\"https:\/\/sabine-cuny-psychologue.fr\/wp-content\/uploads\/2022\/12\/Churchill-170x170.jpg\" alt=\"Churchill\" title=\"Churchill\"  width=\"170\" height=\"170\"><\/div><div class=\"content\"><div class=\"description\"><div class=\"thim-excerpt\">Tout le monde savait que c\u2019\u00e9tait impossible a faire.\nPuis un jour quelqu&#8217;un est arriv\u00e9 qui ne le savait pas, et il l&#8217;a fait.\n<\/div><\/div><div class=\"author\">_Winston Churchill,<span class=\"regency\"><\/span><\/div><\/div>\t\t\t\t<\/div>\n\t\t\t\t\t\t\t\t\t\t\t<div class=\"item\">\n\t\t\t\t\t<div class=\"image\"><img loading=\"lazy\" decoding=\"async\" src=\"https:\/\/sabine-cuny-psychologue.fr\/wp-content\/uploads\/2022\/12\/Inconnu-170x170.jpg\" alt=\"Inconnu\" title=\"Inconnu\"  width=\"170\" height=\"170\"><\/div><div class=\"content\"><div class=\"description\"><div class=\"thim-excerpt\">Tu ne peux pas faire la m\u00eame erreur deux fois, car la deuxi\u00e8me fois, ce n&#8217;est pas une erreur; c&#8217;est un choix.\n<\/div><\/div><div class=\"author\">_inconnu,<span class=\"regency\"><\/span><\/div><\/div>\t\t\t\t<\/div>\n\t\t\t\t<\/div>\n<\/div>\n\t\t<\/div>\n\t\t\t\t<\/div>\n\t\t\t\t\t<\/div>\n\t\t<\/div>\n\t\t\t\t\t\t\t<\/div>\n\t\t<\/section>\n\t\t\t\t<section class=\"elementor-section elementor-top-section elementor-element elementor-element-a87646f elementor-section-boxed elementor-section-height-default elementor-section-height-default\" data-id=\"a87646f\" data-element_type=\"section\">\n\t\t\t\t\t\t<div class=\"elementor-container elementor-column-gap-default\">\n\t\t\t\t\t<div class=\"elementor-column elementor-col-100 elementor-top-column elementor-element elementor-element-59a1dd3\" data-id=\"59a1dd3\" data-element_type=\"column\">\n\t\t\t<div class=\"elementor-widget-wrap\">\n\t\t\t\t\t\t\t\t\t<\/div>\n\t\t<\/div>\n\t\t\t\t\t\t\t<\/div>\n\t\t<\/section>\n\t\t\t\t\t\t\t<\/div>\n\t\t","protected":false},"excerpt":{"rendered":"<p>Tu ne peux pas faire la m\u00eame erreur deux fois, car la deuxi\u00e8me fois, ce n&#8217;est pas une erreur; c&#8217;est un choix.<\/p>\n","protected":false},"author":2,"featured_media":0,"parent":0,"menu_order":0,"comment_status":"closed","ping_status":"closed","template":"","meta":{"om_disable_all_campaigns":false,"pmpro_default_level":0,"_monsterinsights_skip_tracking":false,"_monsterinsights_sitenote_active":false,"_monsterinsights_sitenote_note":"","_monsterinsights_sitenote_category":0,"_uf_show_specific_survey":0,"_uf_disable_surveys":false,"footnotes":""},"class_list":["post-7417","page","type-page","status-publish","hentry","pmpro-has-access"],"aioseo_notices":[],"_links":{"self":[{"href":"https:\/\/sabine-cuny-psychologue.fr\/index.php\/wp-json\/wp\/v2\/pages\/7417","targetHints":{"allow":["GET"]}}],"collection":[{"href":"https:\/\/sabine-cuny-psychologue.fr\/index.php\/wp-json\/wp\/v2\/pages"}],"about":[{"href":"https:\/\/sabine-cuny-psychologue.fr\/index.php\/wp-json\/wp\/v2\/types\/page"}],"author":[{"embeddable":true,"href":"https:\/\/sabine-cuny-psychologue.fr\/index.php\/wp-json\/wp\/v2\/users\/2"}],"replies":[{"embeddable":true,"href":"https:\/\/sabine-cuny-psychologue.fr\/index.php\/wp-json\/wp\/v2\/comments?post=7417"}],"version-history":[{"count":28,"href":"https:\/\/sabine-cuny-psychologue.fr\/index.php\/wp-json\/wp\/v2\/pages\/7417\/revisions"}],"predecessor-version":[{"id":7680,"href":"https:\/\/sabine-cuny-psychologue.fr\/index.php\/wp-json\/wp\/v2\/pages\/7417\/revisions\/7680"}],"wp:attachment":[{"href":"https:\/\/sabine-cuny-psychologue.fr\/index.php\/wp-json\/wp\/v2\/media?parent=7417"}],"curies":[{"name":"wp","href":"https:\/\/api.w.org\/{rel}","templated":true}]}}