{"id":7418,"date":"2023-12-06T09:57:25","date_gmt":"2023-12-06T08:57:25","guid":{"rendered":"http:\/\/sabine-cuny-psychologue.fr\/?page_id=7418"},"modified":"2024-01-30T09:26:45","modified_gmt":"2024-01-30T08:26:45","slug":"methodologie-2","status":"publish","type":"page","link":"https:\/\/sabine-cuny-psychologue.fr\/index.php\/methodologie-2\/","title":{"rendered":"M\u00e9thodologie"},"content":{"rendered":"\t\t<div data-elementor-type=\"wp-page\" data-elementor-id=\"7418\" class=\"elementor elementor-7418\">\n\t\t\t\t\t\t\t\t\t<section class=\"elementor-section elementor-top-section elementor-element elementor-element-c22f9a1 elementor-section-stretched elementor-section-boxed elementor-section-height-default elementor-section-height-default\" data-id=\"c22f9a1\" data-element_type=\"section\" data-settings=\"{&quot;stretch_section&quot;:&quot;section-stretched&quot;}\">\n\t\t\t\t\t\t<div class=\"elementor-container elementor-column-gap-default\">\n\t\t\t\t\t<div class=\"elementor-column elementor-col-100 elementor-top-column elementor-element elementor-element-da0bdae\" data-id=\"da0bdae\" data-element_type=\"column\">\n\t\t\t<div class=\"elementor-widget-wrap elementor-element-populated\">\n\t\t\t\t\t\t\t\t<div class=\"elementor-element elementor-element-6f7a00d elementor-widget elementor-widget-thim-heading\" data-id=\"6f7a00d\" data-element_type=\"widget\" data-widget_type=\"thim-heading.default\">\n\t\t\t\t<div class=\"elementor-widget-container\">\n\t\t\t<div class=\"sc_heading   text-left\"><h3 style=\"font-size:32px;font-weight:500;\" class=\"title\">Th\u00e9rapie cognitive et comportementale <\/h3><p class=\"sub-heading\" style=\"\">secteur Toul et Meurthe-et-Moselle<\/p><span class=\"line\"><\/span><\/div>\t\t<\/div>\n\t\t\t\t<\/div>\n\t\t\t\t<div class=\"elementor-element elementor-element-093373b elementor-widget elementor-widget-text-editor\" data-id=\"093373b\" data-element_type=\"widget\" data-widget_type=\"text-editor.default\">\n\t\t\t\t<div class=\"elementor-widget-container\">\n\t\t\t<style>\/*! elementor - v3.7.8 - 02-10-2022 *\/\n.elementor-widget-text-editor.elementor-drop-cap-view-stacked .elementor-drop-cap{background-color:#818a91;color:#fff}.elementor-widget-text-editor.elementor-drop-cap-view-framed .elementor-drop-cap{color:#818a91;border:3px solid;background-color:transparent}.elementor-widget-text-editor:not(.elementor-drop-cap-view-default) .elementor-drop-cap{margin-top:8px}.elementor-widget-text-editor:not(.elementor-drop-cap-view-default) .elementor-drop-cap-letter{width:1em;height:1em}.elementor-widget-text-editor .elementor-drop-cap{float:left;text-align:center;line-height:1;font-size:50px}.elementor-widget-text-editor .elementor-drop-cap-letter{display:inline-block}<\/style>\t\t\t\t<p>En tant que psychologue bas\u00e9e sur le secteur g\u00e9ographique de Toul, en Meurthe-et-Moselle, Sabine Cuny s&#8217;appuie sur l&#8217;application <a href=\"https:\/\/fr.wikipedia.org\/wiki\/Th\u00e9rapie_cognitivo-comportementale\" target=\"_blank\" rel=\"noopener\">des m\u00e9thodes cognitivo-comportementales<\/a> pour aider ses patients \u00e0 surmonter les d\u00e9fis mentaux et \u00e9motionnels auxquels ils font face. Cette approche th\u00e9rapeutique est centr\u00e9e sur la compr\u00e9hension des pens\u00e9es, des \u00e9motions et des comportements pour favoriser des changements positifs et durables.<\/p>\t\t\t\t\t\t<\/div>\n\t\t\t\t<\/div>\n\t\t\t\t<div class=\"elementor-element elementor-element-ad18276 elementor-widget elementor-widget-heading\" data-id=\"ad18276\" data-element_type=\"widget\" data-widget_type=\"heading.default\">\n\t\t\t\t<div class=\"elementor-widget-container\">\n\t\t\t<style>\/*! elementor - v3.7.8 - 02-10-2022 *\/\n.elementor-heading-title{padding:0;margin:0;line-height:1}.elementor-widget-heading .elementor-heading-title[class*=elementor-size-]>a{color:inherit;font-size:inherit;line-height:inherit}.elementor-widget-heading .elementor-heading-title.elementor-size-small{font-size:15px}.elementor-widget-heading .elementor-heading-title.elementor-size-medium{font-size:19px}.elementor-widget-heading .elementor-heading-title.elementor-size-large{font-size:29px}.elementor-widget-heading .elementor-heading-title.elementor-size-xl{font-size:39px}.elementor-widget-heading .elementor-heading-title.elementor-size-xxl{font-size:59px}<\/style><h2 class=\"elementor-heading-title elementor-size-default\">Les \u00e9tapes cl\u00e9s de ma m\u00e9thodologie<\/h2>\t\t<\/div>\n\t\t\t\t<\/div>\n\t\t\t\t\t<\/div>\n\t\t<\/div>\n\t\t\t\t\t\t\t<\/div>\n\t\t<\/section>\n\t\t\t\t<section class=\"elementor-section elementor-top-section elementor-element elementor-element-107f64f elementor-section-stretched elementor-section-boxed elementor-section-height-default elementor-section-height-default\" data-id=\"107f64f\" data-element_type=\"section\" data-settings=\"{&quot;stretch_section&quot;:&quot;section-stretched&quot;}\">\n\t\t\t\t\t\t<div class=\"elementor-container elementor-column-gap-extended\">\n\t\t\t\t\t<div class=\"elementor-column elementor-col-50 elementor-top-column elementor-element elementor-element-2b5cafe\" data-id=\"2b5cafe\" data-element_type=\"column\">\n\t\t\t<div class=\"elementor-widget-wrap elementor-element-populated\">\n\t\t\t\t\t\t\t\t<div class=\"elementor-element elementor-element-9a6c63a elementor-widget thim-widget-gallery-images\" data-id=\"9a6c63a\" data-element_type=\"widget\" data-widget_type=\"thim-gallery-images.default\">\n\t\t\t\t<div class=\"elementor-widget-container\">\n\t\t\t<div class=\"thim-carousel-wrapper gallery-img \"  data-visible=\"1\" data-itemtablet=\"1\" data-pagination=\"1\" data-autoplay=\"yes\"  data-autoplaytimeout=\"5000\" data-loop=\"yes\" ><div class=\"item\"><img src =\"https:\/\/sabine-cuny-psychologue.fr\/wp-content\/uploads\/2023\/12\/psychologue-comportementale-toul.jpg\" width=\"702\" height=\"468\" alt=\"\"\/><\/div><div class=\"item\"><img src =\"https:\/\/sabine-cuny-psychologue.fr\/wp-content\/uploads\/2023\/12\/Therapie-cognitive-comportementale-toul.jpg\" width=\"702\" height=\"468\" alt=\"\"\/><\/div><div class=\"item\"><img src =\"https:\/\/sabine-cuny-psychologue.fr\/wp-content\/uploads\/2023\/12\/Psychologie-comportementale-Toul.jpg\" width=\"702\" height=\"469\" alt=\"\"\/><\/div><div class=\"item\"><img src =\"https:\/\/sabine-cuny-psychologue.fr\/wp-content\/uploads\/2023\/12\/Psychologue-Ado-Toul.jpg\" width=\"702\" height=\"468\" alt=\"\"\/><\/div><\/div>\t\t<\/div>\n\t\t\t\t<\/div>\n\t\t\t\t\t<\/div>\n\t\t<\/div>\n\t\t\t\t<div class=\"elementor-column elementor-col-50 elementor-top-column elementor-element elementor-element-822d0e7\" data-id=\"822d0e7\" data-element_type=\"column\">\n\t\t\t<div class=\"elementor-widget-wrap elementor-element-populated\">\n\t\t\t\t\t\t\t\t<div class=\"elementor-element elementor-element-111593d elementor-widget thim-widget-accordion\" data-id=\"111593d\" data-element_type=\"widget\" data-widget_type=\"thim-accordion.default\">\n\t\t\t\t<div class=\"elementor-widget-container\">\n\t\t\t\n<div class=\"thim-widget-accordion\">\n\t<h3 class=\"widget-title\">Comment nous allons proc\u00e9der :<\/h3>\t<div id=\"accordion_69e8ee6a73051\" class=\"panel-group\" role=\"tablist\" aria-multiselectable=\"true\">\n\t\t<!-- List Panel -->\n\t\t\n\t\t<div class=\"panel panel-default\">\n\t\t\t<div class=\"panel-heading\" role=\"tab\" id=\"heading_accordion_69e8ee6a73051_0\">\n\t\t\t\t<h4 class=\"panel-title\">\n\t\t\t\t\t<a role=\"button\" class=\"\" data-toggle=\"collapse\" data-parent=\"#accordion_69e8ee6a73051\" href=\"#collapse_accordion_69e8ee6a73051_0\" aria-expanded=\"false\">\n\t\t\t\t\t\t1. \u00c9valuation Initiale\t\t\t\t\t<\/a>\n\t\t\t\t<\/h4>\n\t\t\t<\/div>\n\t\t\t<div id=\"collapse_accordion_69e8ee6a73051_0\" class=\"panel-collapse collapse in\" role=\"tabpanel\" aria-labelledby=\"heading_accordion_69e8ee6a73051_0\">\n\t\t\t\t<div class=\"panel-body\">\n\t\t\t\t\tChaque parcours th\u00e9rapeutique commence par une \u00e9valuation approfondie de votre situation. Je prends le temps de comprendre vos pr\u00e9occupations, vos objectifs et vos ant\u00e9c\u00e9dents pour \u00e9laborer un plan personnalis\u00e9.\t\t\t\t<\/div>\n\t\t\t<\/div>\n\t\t<\/div>\n\t\t\t\t\t\t\t\t\t\t<div class=\"panel panel-default\">\n\t\t\t\t<div class=\"panel-heading\" role=\"tab\" id=\"heading_accordion_69e8ee6a73051_1\">\n\t\t\t\t\t<h4 class=\"panel-title\">\n\t\t\t\t\t\t<a role=\"button\" class=\"collapsed\" data-toggle=\"collapse\" data-parent=\"#accordion_69e8ee6a73051\" href=\"#collapse_accordion_69e8ee6a73051_1\" aria-expanded=\"false\">\n\t\t\t\t\t\t\t2. \u00c9laboration d&#039;un Plan d&#039;action\t\t\t\t\t\t<\/a>\n\t\t\t\t\t<\/h4>\n\t\t\t\t<\/div>\n\t\t\t\t<div id=\"collapse_accordion_69e8ee6a73051_1\" class=\"panel-collapse collapse\" role=\"tabpanel\" aria-labelledby=\"heading_accordion_69e8ee6a73051_1\">\n\t\t\t\t\t<div class=\"panel-body\">\n\t\t\t\t\t\tSur la base de l'\u00e9valuation initiale, nous collaborons pour \u00e9laborer un plan d'action sp\u00e9cifique en vue de r\u00e9pondre \u00e0 vos besoins et aspirations. Ce plan nous servira de guide tout au long de notre travail ensemble.\t\t\t\t\t<\/div>\n\t\t\t\t<\/div>\n\t\t\t<\/div>\n\n\t\t\t\t\t\t\t\t<div class=\"panel panel-default\">\n\t\t\t\t<div class=\"panel-heading\" role=\"tab\" id=\"heading_accordion_69e8ee6a73051_2\">\n\t\t\t\t\t<h4 class=\"panel-title\">\n\t\t\t\t\t\t<a role=\"button\" class=\"collapsed\" data-toggle=\"collapse\" data-parent=\"#accordion_69e8ee6a73051\" href=\"#collapse_accordion_69e8ee6a73051_2\" aria-expanded=\"false\">\n\t\t\t\t\t\t\t3. Sessions Individuelles\t\t\t\t\t\t<\/a>\n\t\t\t\t\t<\/h4>\n\t\t\t\t<\/div>\n\t\t\t\t<div id=\"collapse_accordion_69e8ee6a73051_2\" class=\"panel-collapse collapse\" role=\"tabpanel\" aria-labelledby=\"heading_accordion_69e8ee6a73051_2\">\n\t\t\t\t\t<div class=\"panel-body\">\n\t\t\t\t\t\tLes sessions individuelles sont l'occasion d'explorer et de comprendre les pens\u00e9es automatiques, les sch\u00e9mas de pens\u00e9e et les comportements qui contribuent \u00e0 vos difficult\u00e9s. Nous travaillons ensemble pour d\u00e9velopper des strat\u00e9gies et des comp\u00e9tences adaptatives.\t\t\t\t\t<\/div>\n\t\t\t\t<\/div>\n\t\t\t<\/div>\n\n\t\t\t\t\t\t\t\t<div class=\"panel panel-default\">\n\t\t\t\t<div class=\"panel-heading\" role=\"tab\" id=\"heading_accordion_69e8ee6a73051_3\">\n\t\t\t\t\t<h4 class=\"panel-title\">\n\t\t\t\t\t\t<a role=\"button\" class=\"collapsed\" data-toggle=\"collapse\" data-parent=\"#accordion_69e8ee6a73051\" href=\"#collapse_accordion_69e8ee6a73051_3\" aria-expanded=\"false\">\n\t\t\t\t\t\t\t4. Int\u00e9gration des Techniques Cognitivo-Comportementales\t\t\t\t\t\t<\/a>\n\t\t\t\t\t<\/h4>\n\t\t\t\t<\/div>\n\t\t\t\t<div id=\"collapse_accordion_69e8ee6a73051_3\" class=\"panel-collapse collapse\" role=\"tabpanel\" aria-labelledby=\"heading_accordion_69e8ee6a73051_3\">\n\t\t\t\t\t<div class=\"panel-body\">\n\t\t\t\t\t\tLes m\u00e9thodes cognitivo-comportementales sont au c\u0153ur de mon approche. <a href=\"https:\/\/www.santemagazine.fr\/psycho-sexo\/psycho\/psychotherapie\/therapies-comportementales-et-cognitives-tcc-176985\">Nous identifions et modifions les pens\u00e9es n\u00e9gatives, rempla\u00e7ons les comportements non souhait\u00e9s<\/a> par des r\u00e9ponses plus constructives, et d\u00e9veloppons des strat\u00e9gies pour faire face aux d\u00e9fis quotidiens.\t\t\t\t\t<\/div>\n\t\t\t\t<\/div>\n\t\t\t<\/div>\n\n\t\t\t\t\t\t\t\t<div class=\"panel panel-default\">\n\t\t\t\t<div class=\"panel-heading\" role=\"tab\" id=\"heading_accordion_69e8ee6a73051_4\">\n\t\t\t\t\t<h4 class=\"panel-title\">\n\t\t\t\t\t\t<a role=\"button\" class=\"collapsed\" data-toggle=\"collapse\" data-parent=\"#accordion_69e8ee6a73051\" href=\"#collapse_accordion_69e8ee6a73051_4\" aria-expanded=\"false\">\n\t\t\t\t\t\t\t5. Suivi et Ajustement\t\t\t\t\t\t<\/a>\n\t\t\t\t\t<\/h4>\n\t\t\t\t<\/div>\n\t\t\t\t<div id=\"collapse_accordion_69e8ee6a73051_4\" class=\"panel-collapse collapse\" role=\"tabpanel\" aria-labelledby=\"heading_accordion_69e8ee6a73051_4\">\n\t\t\t\t\t<div class=\"panel-body\">\n\t\t\t\t\t\tJe crois en un processus de th\u00e9rapie collaboratif et \u00e9volutif. Nous effectuons des \u00e9valuations r\u00e9guli\u00e8res pour suivre les progr\u00e8s et ajuster notre plan de d'action \u00e0 vos besoins et aux nouvelles observations qui d\u00e9coulent de la mise en application du plan d'action. Les th\u00e9rapie cognitives et comportementales visent des r\u00e9sultats rapides et concrets.\t\t\t\t\t<\/div>\n\t\t\t\t<\/div>\n\t\t\t<\/div>\n\n\t\t\t\t<!-- End: List Panel -->\n\t<\/div>\n\n\n<\/div>\t\t<\/div>\n\t\t\t\t<\/div>\n\t\t\t\t\t<\/div>\n\t\t<\/div>\n\t\t\t\t\t\t\t<\/div>\n\t\t<\/section>\n\t\t\t\t<section class=\"elementor-section elementor-top-section elementor-element elementor-element-f4d37e3 elementor-section-stretched elementor-section-boxed elementor-section-height-default elementor-section-height-default\" data-id=\"f4d37e3\" data-element_type=\"section\" data-settings=\"{&quot;stretch_section&quot;:&quot;section-stretched&quot;,&quot;background_background&quot;:&quot;classic&quot;}\">\n\t\t\t\t\t\t<div class=\"elementor-container elementor-column-gap-default\">\n\t\t\t\t\t<div class=\"elementor-column elementor-col-100 elementor-top-column elementor-element elementor-element-38b8fc5\" data-id=\"38b8fc5\" data-element_type=\"column\">\n\t\t\t<div class=\"elementor-widget-wrap elementor-element-populated\">\n\t\t\t\t\t\t\t\t<div class=\"elementor-element elementor-element-5cce377 elementor-widget thim-widget-progress-step\" data-id=\"5cce377\" data-element_type=\"widget\" data-widget_type=\"thim-progress-step.default\">\n\t\t\t\t<div class=\"elementor-widget-container\">\n\t\t\t\n<div class=\"thim-progress-step\">\n\t<div class=\"row\">\n\t\t<div class=\"progress-step-title progress-step col-md-3 col-sm-4\"><h3 class=\"widget-title\">Un processus en 5 \u00e9tapes<\/h3><div class=\"widget-title-description\">La m\u00e9thodologie cognitive et comportementale sur laquelle je m'appuie vise des r\u00e9sultats rapides et concrets. Elle se d\u00e9roule en 5 \u00e9tapes.<\/div><\/div>\t\t<div class=\"col-md-9 col-sm-8 thim-progress-step-carousel-container\">\n\t\t\t<div class=\"thim-progress-step-carousel owl-theme owl-drag\" data-visible=\"3\" data-pagination=\"yes\" data-navigation=\"\" data-desktopsmall=\"2\" data-itemtablet=\"1\" data-autoplaytimeout=\"6000\" data-autoplay=\"yes\">\n\t\t\t\t\t\t\t\t\t<div class=\"progress-step progress-step-item\" role=\"tablist\">\n\t\t\t\t\t\t<div class=\"panel-heading\" role=\"tab\">\n\t\t\t\t\t\t\t<div class=\"num-progress circle circle-border\">\n\t\t\t\t\t\t\t\t<div class=\"circle-inner\">\n\t\t\t\t\t\t\t\t\t1\t\t\t\t\t\t\t\t<\/div>\n\t\t\t\t\t\t\t<\/div>\n\t\t\t\t\t\t\t<h4 class=\"panel-title\">\n\t\t\t\t\t\t\t\tEvaluation\t\t\t\t\t\t\t<\/h4>\n\t\t\t\t\t\t<\/div>\n\t\t\t\t\t\t<div class=\"panel-body\">\n\t\t\t\t\t\t\tEvaluation approfondie de votre situation et des probl\u00e9matiques rencontr\u00e9es.\t\t\t\t\t\t<\/div>\n\t\t\t\t\t<\/div>\n\t\t\t\t\t\t\t\t\t<div class=\"progress-step progress-step-item\" role=\"tablist\">\n\t\t\t\t\t\t<div class=\"panel-heading\" role=\"tab\">\n\t\t\t\t\t\t\t<div class=\"num-progress circle circle-border\">\n\t\t\t\t\t\t\t\t<div class=\"circle-inner\">\n\t\t\t\t\t\t\t\t\t2\t\t\t\t\t\t\t\t<\/div>\n\t\t\t\t\t\t\t<\/div>\n\t\t\t\t\t\t\t<h4 class=\"panel-title\">\n\t\t\t\t\t\t\t\tFeuille de route\t\t\t\t\t\t\t<\/h4>\n\t\t\t\t\t\t<\/div>\n\t\t\t\t\t\t<div class=\"panel-body\">\n\t\t\t\t\t\t\tPr\u00e9paration d'une feuille de route avec le patient.\t\t\t\t\t\t<\/div>\n\t\t\t\t\t<\/div>\n\t\t\t\t\t\t\t\t\t<div class=\"progress-step progress-step-item\" role=\"tablist\">\n\t\t\t\t\t\t<div class=\"panel-heading\" role=\"tab\">\n\t\t\t\t\t\t\t<div class=\"num-progress circle circle-border\">\n\t\t\t\t\t\t\t\t<div class=\"circle-inner\">\n\t\t\t\t\t\t\t\t\t3\t\t\t\t\t\t\t\t<\/div>\n\t\t\t\t\t\t\t<\/div>\n\t\t\t\t\t\t\t<h4 class=\"panel-title\">\n\t\t\t\t\t\t\t\tExploration\t\t\t\t\t\t\t<\/h4>\n\t\t\t\t\t\t<\/div>\n\t\t\t\t\t\t<div class=\"panel-body\">\n\t\t\t\t\t\t\tPour comprendre en profondeur les r\u00e9actions automatiques non d\u00e9sir\u00e9es.\t\t\t\t\t\t<\/div>\n\t\t\t\t\t<\/div>\n\t\t\t\t\t\t\t\t\t<div class=\"progress-step progress-step-item\" role=\"tablist\">\n\t\t\t\t\t\t<div class=\"panel-heading\" role=\"tab\">\n\t\t\t\t\t\t\t<div class=\"num-progress circle circle-border\">\n\t\t\t\t\t\t\t\t<div class=\"circle-inner\">\n\t\t\t\t\t\t\t\t\t4\t\t\t\t\t\t\t\t<\/div>\n\t\t\t\t\t\t\t<\/div>\n\t\t\t\t\t\t\t<h4 class=\"panel-title\">\n\t\t\t\t\t\t\t\tMise en action\t\t\t\t\t\t\t<\/h4>\n\t\t\t\t\t\t<\/div>\n\t\t\t\t\t\t<div class=\"panel-body\">\n\t\t\t\t\t\t\tModification des pens\u00e9es n\u00e9gatives et mise en place de comportements adaptatifs.\t\t\t\t\t\t<\/div>\n\t\t\t\t\t<\/div>\n\t\t\t\t\t\t\t\t\t<div class=\"progress-step progress-step-item\" role=\"tablist\">\n\t\t\t\t\t\t<div class=\"panel-heading\" role=\"tab\">\n\t\t\t\t\t\t\t<div class=\"num-progress circle circle-border\">\n\t\t\t\t\t\t\t\t<div class=\"circle-inner\">\n\t\t\t\t\t\t\t\t\t5\t\t\t\t\t\t\t\t<\/div>\n\t\t\t\t\t\t\t<\/div>\n\t\t\t\t\t\t\t<h4 class=\"panel-title\">\n\t\t\t\t\t\t\t\tAjustement\t\t\t\t\t\t\t<\/h4>\n\t\t\t\t\t\t<\/div>\n\t\t\t\t\t\t<div class=\"panel-body\">\n\t\t\t\t\t\t\tIl s'agit ensuite de suivre l'\u00e9volution des techniques mises en place pour les ajuster si n\u00e9cessaire.\t\t\t\t\t\t<\/div>\n\t\t\t\t\t<\/div>\n\t\t\t\t\t\t\t<\/div>\n\t\t<\/div>\n\t<\/div>\n\n<\/div>\t\t<\/div>\n\t\t\t\t<\/div>\n\t\t\t\t\t<\/div>\n\t\t<\/div>\n\t\t\t\t\t\t\t<\/div>\n\t\t<\/section>\n\t\t\t\t<section class=\"elementor-section elementor-top-section elementor-element elementor-element-81203ae elementor-section-stretched elementor-section-boxed elementor-section-height-default elementor-section-height-default\" data-id=\"81203ae\" data-element_type=\"section\" data-settings=\"{&quot;stretch_section&quot;:&quot;section-stretched&quot;}\">\n\t\t\t\t\t\t<div class=\"elementor-container elementor-column-gap-default\">\n\t\t\t\t\t<div class=\"elementor-column elementor-col-100 elementor-top-column elementor-element elementor-element-47b3e86\" data-id=\"47b3e86\" data-element_type=\"column\">\n\t\t\t<div class=\"elementor-widget-wrap elementor-element-populated\">\n\t\t\t\t\t\t\t\t<div class=\"elementor-element elementor-element-2c491f6 elementor-widget thim-widget-testimonials\" data-id=\"2c491f6\" data-element_type=\"widget\" data-widget_type=\"thim-testimonials.default\">\n\t\t\t\t<div class=\"elementor-widget-container\">\n\t\t\t<div class=\"thim-round-testimonial layout-3\">\n\t\t<div class=\"thim-round-testimonial-slider\" data-timeout=\"6000\" data-imgwidth=\"90\" data-padding=\"-17\" data-visible=\"3\" data-ratio=\"1\" data-autoplay=\"false\">\n\t\t\t\t\t\t\t\t\t\t<div class=\"item\">\n\t\t\t\t\t<div class=\"image\"><img loading=\"lazy\" decoding=\"async\" src=\"https:\/\/sabine-cuny-psychologue.fr\/wp-content\/uploads\/2022\/12\/Joyce-Meyer-170x170.jpg\" alt=\"Joyce-Meyer\" title=\"Joyce-Meyer\"  width=\"170\" height=\"170\"><\/div><div class=\"content\"><div class=\"description\"><div class=\"thim-excerpt\">Lorsque nous remplissons notre t\u00eate de bonnes choses, les mauvaises n&#8217;ont pas la place d&#8217;y entrer.\n<\/div><\/div><div class=\"author\">_Joyce Meyer,<span class=\"regency\"><\/span><\/div><\/div>\t\t\t\t<\/div>\n\t\t\t\t\t\t\t\t\t\t\t<div class=\"item\">\n\t\t\t\t\t<div class=\"image\"><img loading=\"lazy\" decoding=\"async\" src=\"https:\/\/sabine-cuny-psychologue.fr\/wp-content\/uploads\/2022\/12\/Churchill-170x170.jpg\" alt=\"Churchill\" title=\"Churchill\"  width=\"170\" height=\"170\"><\/div><div class=\"content\"><div class=\"description\"><div class=\"thim-excerpt\">Tout le monde savait que c\u2019\u00e9tait impossible a faire.\nPuis un jour quelqu&#8217;un est arriv\u00e9 qui ne le savait pas, et il l&#8217;a fait.\n<\/div><\/div><div class=\"author\">_Winston Churchill,<span class=\"regency\"><\/span><\/div><\/div>\t\t\t\t<\/div>\n\t\t\t\t\t\t\t\t\t\t\t<div class=\"item\">\n\t\t\t\t\t<div class=\"image\"><img loading=\"lazy\" decoding=\"async\" src=\"https:\/\/sabine-cuny-psychologue.fr\/wp-content\/uploads\/2022\/12\/Inconnu-170x170.jpg\" alt=\"Inconnu\" title=\"Inconnu\"  width=\"170\" height=\"170\"><\/div><div class=\"content\"><div class=\"description\"><div class=\"thim-excerpt\">Tu ne peux pas faire la m\u00eame erreur deux fois, car la deuxi\u00e8me fois, ce n&#8217;est pas une erreur; c&#8217;est un choix.\n<\/div><\/div><div class=\"author\">_inconnu,<span class=\"regency\"><\/span><\/div><\/div>\t\t\t\t<\/div>\n\t\t\t\t<\/div>\n<\/div>\n\t\t<\/div>\n\t\t\t\t<\/div>\n\t\t\t\t\t<\/div>\n\t\t<\/div>\n\t\t\t\t\t\t\t<\/div>\n\t\t<\/section>\n\t\t\t\t<section class=\"elementor-section elementor-top-section elementor-element elementor-element-7347bc8 elementor-section-boxed elementor-section-height-default elementor-section-height-default\" data-id=\"7347bc8\" data-element_type=\"section\">\n\t\t\t\t\t\t<div class=\"elementor-container elementor-column-gap-default\">\n\t\t\t\t\t<div class=\"elementor-column elementor-col-100 elementor-top-column elementor-element elementor-element-ff059c8\" data-id=\"ff059c8\" data-element_type=\"column\">\n\t\t\t<div class=\"elementor-widget-wrap\">\n\t\t\t\t\t\t\t\t\t<\/div>\n\t\t<\/div>\n\t\t\t\t\t\t\t<\/div>\n\t\t<\/section>\n\t\t\t\t<section class=\"elementor-section elementor-top-section elementor-element elementor-element-45ee0e5 elementor-section-stretched elementor-section-boxed elementor-section-height-default elementor-section-height-default\" data-id=\"45ee0e5\" data-element_type=\"section\" data-settings=\"{&quot;stretch_section&quot;:&quot;section-stretched&quot;,&quot;background_background&quot;:&quot;classic&quot;}\">\n\t\t\t\t\t\t\t<div class=\"elementor-background-overlay\"><\/div>\n\t\t\t\t\t\t\t<div class=\"elementor-container elementor-column-gap-no\">\n\t\t\t\t\t<div class=\"elementor-column elementor-col-100 elementor-top-column elementor-element elementor-element-4dcd059\" data-id=\"4dcd059\" data-element_type=\"column\">\n\t\t\t<div class=\"elementor-widget-wrap elementor-element-populated\">\n\t\t\t\t\t\t\t\t<div class=\"elementor-element elementor-element-37588d6 elementor-widget elementor-widget-thim-heading\" data-id=\"37588d6\" data-element_type=\"widget\" data-widget_type=\"thim-heading.default\">\n\t\t\t\t<div class=\"elementor-widget-container\">\n\t\t\t<div class=\"sc_heading   text-center\"><h3 style=\"color:#ffffff;font-size:32px;font-weight:500;\" class=\"title\">Pour toute demande de rendez-vous\n<\/h3><p class=\"sub-heading\" style=\"color:#ffffff;\">N'h\u00e9sitez pas \u00e0 me contacter\n<\/p><\/div>\t\t<\/div>\n\t\t\t\t<\/div>\n\t\t\t\t<section class=\"elementor-section elementor-inner-section elementor-element elementor-element-9c4fb11 contact-lifecoaching elementor-section-boxed elementor-section-height-default elementor-section-height-default\" data-id=\"9c4fb11\" data-element_type=\"section\">\n\t\t\t\t\t\t<div class=\"elementor-container elementor-column-gap-default\">\n\t\t\t\t\t<div class=\"elementor-column elementor-col-50 elementor-inner-column elementor-element elementor-element-99dcd0b\" data-id=\"99dcd0b\" data-element_type=\"column\">\n\t\t\t<div class=\"elementor-widget-wrap elementor-element-populated\">\n\t\t\t\t\t\t\t\t<div class=\"elementor-element elementor-element-afff478 elementor-widget elementor-widget-wp-widget-text\" data-id=\"afff478\" data-element_type=\"widget\" data-widget_type=\"wp-widget-text.default\">\n\t\t\t\t<div class=\"elementor-widget-container\">\n\t\t\t\t\t\t<div class=\"textwidget\"><p><a href=\"tel:0698615338\">06 98 61 53 38<\/a><\/p>\n<\/div>\n\t\t\t\t<\/div>\n\t\t\t\t<\/div>\n\t\t\t\t\t<\/div>\n\t\t<\/div>\n\t\t\t\t<div class=\"elementor-column elementor-col-50 elementor-inner-column elementor-element elementor-element-f89ffda\" data-id=\"f89ffda\" data-element_type=\"column\">\n\t\t\t<div class=\"elementor-widget-wrap elementor-element-populated\">\n\t\t\t\t\t\t\t\t<div class=\"elementor-element elementor-element-1422aae elementor-widget elementor-widget-wp-widget-text\" data-id=\"1422aae\" data-element_type=\"widget\" data-widget_type=\"wp-widget-text.default\">\n\t\t\t\t<div class=\"elementor-widget-container\">\n\t\t\t\t\t\t<div class=\"textwidget\"><p>sabin.cuny02@gmail.com<\/p>\n<\/div>\n\t\t\t\t<\/div>\n\t\t\t\t<\/div>\n\t\t\t\t\t<\/div>\n\t\t<\/div>\n\t\t\t\t\t\t\t<\/div>\n\t\t<\/section>\n\t\t\t\t<div class=\"elementor-element elementor-element-4107670 elementor-align-center border-button elementor-widget elementor-widget-button\" data-id=\"4107670\" data-element_type=\"widget\" data-widget_type=\"button.default\">\n\t\t\t\t<div class=\"elementor-widget-container\">\n\t\t\t\t\t<div class=\"elementor-button-wrapper\">\n\t\t\t<a href=\"https:\/\/sabine-cuny-psychologue.fr\/index.php\/contact\/\" target=\"_blank\" rel=\"nofollow\" class=\"elementor-button-link elementor-button elementor-size-sm elementor-animation-pulse\" role=\"button\">\n\t\t\t\t\t\t<span class=\"elementor-button-content-wrapper\">\n\t\t\t\t\t\t<span class=\"elementor-button-text\">me contacter<\/span>\n\t\t<\/span>\n\t\t\t\t\t<\/a>\n\t\t<\/div>\n\t\t\t\t<\/div>\n\t\t\t\t<\/div>\n\t\t\t\t\t<\/div>\n\t\t<\/div>\n\t\t\t\t\t\t\t<\/div>\n\t\t<\/section>\n\t\t\t\t\t\t\t<\/div>\n\t\t","protected":false},"excerpt":{"rendered":"<p>Tu ne peux pas faire la m\u00eame erreur deux fois, car la deuxi\u00e8me fois, ce n&#8217;est pas une erreur; c&#8217;est un choix.<\/p>\n","protected":false},"author":2,"featured_media":0,"parent":0,"menu_order":0,"comment_status":"closed","ping_status":"closed","template":"","meta":{"om_disable_all_campaigns":false,"pmpro_default_level":0,"_monsterinsights_skip_tracking":false,"_monsterinsights_sitenote_active":false,"_monsterinsights_sitenote_note":"","_monsterinsights_sitenote_category":0,"_uf_show_specific_survey":0,"_uf_disable_surveys":false,"footnotes":""},"class_list":["post-7418","page","type-page","status-publish","hentry","pmpro-has-access"],"aioseo_notices":[],"_links":{"self":[{"href":"https:\/\/sabine-cuny-psychologue.fr\/index.php\/wp-json\/wp\/v2\/pages\/7418","targetHints":{"allow":["GET"]}}],"collection":[{"href":"https:\/\/sabine-cuny-psychologue.fr\/index.php\/wp-json\/wp\/v2\/pages"}],"about":[{"href":"https:\/\/sabine-cuny-psychologue.fr\/index.php\/wp-json\/wp\/v2\/types\/page"}],"author":[{"embeddable":true,"href":"https:\/\/sabine-cuny-psychologue.fr\/index.php\/wp-json\/wp\/v2\/users\/2"}],"replies":[{"embeddable":true,"href":"https:\/\/sabine-cuny-psychologue.fr\/index.php\/wp-json\/wp\/v2\/comments?post=7418"}],"version-history":[{"count":32,"href":"https:\/\/sabine-cuny-psychologue.fr\/index.php\/wp-json\/wp\/v2\/pages\/7418\/revisions"}],"predecessor-version":[{"id":7677,"href":"https:\/\/sabine-cuny-psychologue.fr\/index.php\/wp-json\/wp\/v2\/pages\/7418\/revisions\/7677"}],"wp:attachment":[{"href":"https:\/\/sabine-cuny-psychologue.fr\/index.php\/wp-json\/wp\/v2\/media?parent=7418"}],"curies":[{"name":"wp","href":"https:\/\/api.w.org\/{rel}","templated":true}]}}